{"id":667,"date":"2019-02-27T17:28:50","date_gmt":"2019-02-27T16:28:50","guid":{"rendered":"https:\/\/www.lechurchill.com\/donnees-personnelles\/"},"modified":"2019-05-02T17:19:26","modified_gmt":"2019-05-02T15:19:26","slug":"personal-data","status":"publish","type":"page","link":"https:\/\/www.lechurchill.com\/en\/personal-data\/","title":{"rendered":"Personal data"},"content":{"rendered":"<p>[vc_row full_width=&#8221;stretch_row&#8221; css=&#8221;.vc_custom_1555682854788{background-image: url(https:\/\/www.lechurchill.com\/wp-content\/uploads\/2019\/02\/slide2.jpg?id=30) !important;}&#8221; el_class=&#8221;titre-list-chambres&#8221;][vc_column][vc_column_text]<\/p>\n<h1 style=\"text-align: center;\">Personal data<\/h1>\n<p>[\/vc_column_text][\/vc_column][\/vc_row][vc_row full_width=&#8221;stretch_row&#8221; el_class=&#8221;bg-fleur&#8221;][vc_column][vc_column_text]<em>Date de derni\u00e8re modification : 02\/05\/19<\/em><\/p>\n<p>Nous nous engageons \u00e0 ce que la collecte et le traitement de vos donn\u00e9es, effectu\u00e9s \u00e0 partir du site <a href=\"http:\/\/www.lechurchill.com\">http:\/\/www.lechurchill.com<\/a>, soient conformes au r\u00e8glement g\u00e9n\u00e9ral sur la protection des donn\u00e9es (RGPD) et \u00e0 la loi Informatique et Libert\u00e9s.<\/p>\n<p>La pr\u00e9sente Politique vous informe sur la fa\u00e7on dont Le Churchill, ses sous-traitants et ses \u00e9ventuels partenaires traitent vos donn\u00e9es personnelles.<\/p>\n<p>Cette Politique est notamment applicable aux clients et utilisateurs des offres et services Le Churchill.<\/p>\n<p>Elle est susceptible d\u2019\u00eatre compl\u00e9t\u00e9e par des informations sp\u00e9cifiques port\u00e9es \u00e0 la connaissance de l\u2019utilisateur, s\u2019agissant d\u2019une offre ou d\u2019un service particulier.<\/p>\n<h2><b>Cookies<\/b><\/h2>\n<p>Un cookie est un petit fichier informatique, un traceur, d\u00e9pos\u00e9 et lu par exemple lors de la consultation d&#8217;un site internet.<\/p>\n<p>L&#8217;utilisation de ces outils est soumise \u00e0 votre consentement d\u00e8s lors qu&#8217;ils ne sont pas strictement n\u00e9cessaires au fonctionnement du site concern\u00e9.<\/p>\n<p>Voici la liste des cookies utilis\u00e9s sur le site <a href=\"http:\/\/www.lechurchill.com\">http:\/\/www.lechurchill.com<\/a>\u00a0:<\/p>\n<table class=\"wt-cli-element cookielawinfo-classic cookielawinfo-row-cat-table\"><thead><tr><th scope=\"col\" class=\"cookielawinfo-column-1\">Cookie<\/th><th scope=\"col\" class=\"cookielawinfo-column-2\">Type<\/th><th scope=\"col\" class=\"cookielawinfo-column-3\">Duration<\/th><th scope=\"col\" class=\"cookielawinfo-column-4\">Description<\/th><\/thead><tbody><tr class=\"cookielawinfo-row\"><td colspan=\"4\" class=\"cookielawinfo-column-empty\"><\/td><\/tr><\/tbody><\/table>\n<h2><b>Formulaire et T\u00e9l\u00e9service<\/b><\/h2>\n<p><span style=\"font-weight: 400;\">Chaque formulaire ou T\u00e9l\u00e9service limite la collecte des donn\u00e9es personnelles au strict n\u00e9cessaire (minimisation des donn\u00e9es) et indique notamment :<\/span><\/p>\n<ul>\n<li style=\"font-weight: 400;\"><span style=\"font-weight: 400;\">quels sont les objectifs du recueil de ces donn\u00e9es (finalit\u00e9s) ;<\/span><\/li>\n<li style=\"font-weight: 400;\"><span style=\"font-weight: 400;\">si ces donn\u00e9es sont obligatoires ou facultatives pour la gestion de votre demande ;<\/span><\/li>\n<li style=\"font-weight: 400;\"><span style=\"font-weight: 400;\">qui pourra en prendre connaissance (uniquement Le Churchill en principe, sauf pr\u00e9cision dans le formulaire lorsqu&#8217;une transmission \u00e0 un tiers est n\u00e9cessaire \u00e0 la gestion de votre demande);<\/span><\/li>\n<li style=\"font-weight: 400;\"><span style=\"font-weight: 400;\">vos droits en mati\u00e8re de protection des donn\u00e9es personnelles et la fa\u00e7on de les exercer aupr\u00e8s de la CNIL.<\/span><\/li>\n<\/ul>\n<p><span style=\"font-weight: 400;\">Les donn\u00e9es personnelles recueillies dans le cadre des services propos\u00e9s sur <a href=\"http:\/\/www.lechurchill.com\">http:\/\/www.lechurchill.com<\/a> sont trait\u00e9es selon des protocoles s\u00e9curis\u00e9s et permettent \u00e0 Le Churchill de g\u00e9rer les demandes re\u00e7ues dans ses applications informatiques.<\/span><\/p>\n<p><span style=\"font-weight: 400;\">QUELS SONT VOS DROITS ?<\/span><\/p>\n<p><span style=\"font-weight: 400;\">Vous disposez d\u2019un droit d\u2019acc\u00e8s, de rectification et de suppression des donn\u00e9es qui vous concerne. Vous pouvez demander la portabilit\u00e9 de ces derni\u00e8res. Vous avez \u00e9galement le droit de vous opposer aux traitements r\u00e9alis\u00e9s ou d\u2019en demander la limitation.<\/span><\/p>\n<p><span style=\"font-weight: 400;\">Aussi, vous pouvez \u00e9mettre des directives sur la conservation, la suppression ou la communication de vos donn\u00e9es personnelles apr\u00e8s votre d\u00e9c\u00e8s.<\/span><\/p>\n<p><span style=\"font-weight: 400;\">COMMENT EXERCER VOS DROITS ?<\/span><\/p>\n<p><span style=\"font-weight: 400;\">Vous pouvez exercer vos droits et contacter Le Churchill \u00e0 tout moment aux adresses ci-dessous :<\/span><\/p>\n<ul>\n<li>par\u00a0<a href=\"https:\/\/www.lechurchill.com\/contacter-le-responsable-de-traitements\/\">ce formulaire<\/a><\/li>\n<li style=\"font-weight: 400;\"><span style=\"font-weight: 400;\">ou par courrier sign\u00e9 accompagn\u00e9 de la copie d&#8217;un titre d&#8217;identit\u00e9 \u00e0 l&#8217;adresse suivante :<\/span><span style=\"font-weight: 400;\"><br \/>\n<\/span><span style=\"font-weight: 400;\"><strong>Le Churchill<\/strong><br \/>\n<\/span><span style=\"font-weight: 400;\">Gestion des donn\u00e9es personnelles<\/span><span style=\"font-weight: 400;\"><br \/>\n<\/span>70 boulevard de la Plage<br \/>\n56340 CARNAC<\/li>\n<\/ul>\n<p><span style=\"font-weight: 400;\">Si vous n\u2019avez pas de retour ad\u00e9quat, vous avez la possibilit\u00e9 d\u2019introduire une r\u00e9clamation aupr\u00e8s de la Commission Nationale de l\u2019Informatique et des Libert\u00e9s (CNIL).<\/span><\/p>\n<h2><b>Finalit\u00e9s de traitement de vos donn\u00e9es personnelles<\/b><\/h2>\n<p><span style=\"font-weight: 400;\">Le Churchill <\/span><span style=\"font-weight: 400;\">ne traite les donn\u00e9es personnelles que pour des finalit\u00e9s d\u00e9termin\u00e9es, explicites et l\u00e9gitimes. Le Churchill<\/span><span style=\"font-weight: 400;\">\u00a0<\/span><span style=\"font-weight: 400;\">ne traite pas ces donn\u00e9es de mani\u00e8re incompatible avec ces finalit\u00e9s. A cet effet, les finalit\u00e9s poursuivies par Le Churchill sont les suivantes :<\/span><\/p>\n<p><strong>Traitements des donn\u00e9es du formulaire de contact<\/strong><span style=\"font-weight: 400;\"><br \/>\n<\/span><span style=\"font-weight: 400;\">La collecte, la transmission et l&#8217;enregistrement des donn\u00e9es pour entrer en contact avec l&#8217;entreprise\u00a0:<\/span><\/p>\n<ul>\n<li style=\"font-weight: 400;\"><span style=\"font-weight: 400;\">Gestion des devis<\/span><\/li>\n<li style=\"font-weight: 400;\"><span style=\"font-weight: 400;\">Envoi d&#8217;un email de r\u00e9ponse.<\/span><\/li>\n<\/ul>\n<p>&nbsp;<\/p>\n<p><span style=\"font-weight: 400;\">Connaissance client et statistiques d&#8217;audience du site<\/span><\/p>\n<p><span style=\"font-weight: 400;\">Nous pouvons utiliser des donn\u00e9es pour mieux comprendre nos clients ou \u00e0 des fins de statistiques pour analyser l&#8217;activit\u00e9 de notre site et am\u00e9liorer les services que nous proposons. Nous effectuons des mesures d&#8217;audience, nous mesurons par exemple le nombre de pages vues, le nombre de visites du site, ainsi que l&#8217;activit\u00e9 des visiteurs sur le site et leur fr\u00e9quence de retour.<\/span><\/p>\n<p><span style=\"font-weight: 400;\">Envoi de messages par email<\/span><\/p>\n<p><span style=\"font-weight: 400;\">Suite \u00e0 l&#8217;envoi d&#8217;un message depuis notre formulaire de contact et si vous ne vous y \u00eates pas oppos\u00e9s, vous pourrez recevoir des informations et offres de notre part par communication \u00e9lectronique (email). Nous mesurons le taux d&#8217;ouverture de nos envois \u00e9lectroniques afin de les adapter au mieux \u00e0 vos besoins.<\/span><\/p>\n<p><span style=\"font-weight: 400;\">QUELLES SONT LES DONN\u00c9ES TRAIT\u00c9ES ?<\/span><\/p>\n<p><span style=\"font-weight: 400;\">Le Churchill <\/span><span style=\"font-weight: 400;\">ne traite une donn\u00e9e ou une cat\u00e9gorie de donn\u00e9es que si elle est strictement n\u00e9cessaire \u00e0 la finalit\u00e9 poursuivie. Vous pouvez retrouver des informations sur ces finalit\u00e9s ci-dessus.<\/span><\/p>\n<p><span style=\"font-weight: 400;\">Le Churchill <\/span><span style=\"font-weight: 400;\">traite les cat\u00e9gories de donn\u00e9es suivantes :<\/span><\/p>\n<ul>\n<li style=\"font-weight: 400;\"><span style=\"font-weight: 400;\">Donn\u00e9es d\u2019identit\u00e9 : Pr\u00e9nom, nom<\/span><\/li>\n<li style=\"font-weight: 400;\"><span style=\"font-weight: 400;\">Donn\u00e9es de contact : Email, adresse postale, num\u00e9ro de t\u00e9l\u00e9phone<\/span><\/li>\n<li>Donn\u00e9es de contenu : Bo\u00eete email<\/li>\n<li style=\"font-weight: 400;\"><span style=\"font-weight: 400;\">Donn\u00e9es de localisation<\/span><\/li>\n<\/ul>\n<p><span style=\"font-weight: 400;\">QUELS SONT LES DESTINATAIRES DE VOS DONN\u00c9ES ?<\/span><\/p>\n<p><span style=\"font-weight: 400;\">Les donn\u00e9es collect\u00e9es sont destin\u00e9es aux services internes du site et \u00e0 ses sous-traitants<\/span><\/p>\n<p><span style=\"font-weight: 400;\">Les donn\u00e9es trait\u00e9es peuvent enfin, \u00eatre transmises aux autorit\u00e9s comp\u00e9tentes, \u00e0 leur demande, dans le cadre de proc\u00e9dures judiciaires, dans le cadre de recherches judiciaires et de sollicitations d&#8217;information des autorit\u00e9s ou afin de se conformer \u00e0 d&#8217;autres obligations l\u00e9gales.<\/span><\/p>\n<p><span style=\"font-weight: 400;\">Sous-traitants<\/span><\/p>\n<p>&nbsp;<\/p>\n<table>\n<tbody>\n<tr>\n<td><b>Sous-traitants<\/b><\/td>\n<td><b>Sous-traitants<\/b><\/td>\n<td><b>Hors UE ?<\/b><\/td>\n<\/tr>\n<tr>\n<td><span style=\"font-weight: 400;\">ID Interactive<\/span><\/td>\n<td><span style=\"font-weight: 400;\">H\u00e9bergement du site et des messageries \u00e9lectroniques<\/span><\/td>\n<td><span style=\"font-weight: 400;\">Non<\/span><\/td>\n<\/tr>\n<\/tbody>\n<\/table>\n<p><span style=\"font-weight: 400;\">COMMENT VOS DONN\u00c9ES SONT-ELLES S\u00c9CURIS\u00c9ES ?<\/span><\/p>\n<p><span style=\"font-weight: 400;\">Le Churchill <\/span><span style=\"font-weight: 400;\">s\u2019assure que vos donn\u00e9es sont trait\u00e9es en toute s\u00e9curit\u00e9 et confidentialit\u00e9, y compris lorsque certaines op\u00e9rations sont r\u00e9alis\u00e9es par des sous-traitants. A cet effet les mesures techniques et organisationnelles appropri\u00e9es pour \u00e9viter la perte, la mauvaise utilisation, l\u2019alt\u00e9ration et la suppression des donn\u00e9es personnelles vous concernant sont mises en place. Ces mesures sont adapt\u00e9es selon le niveau de sensibilit\u00e9 des donn\u00e9es trait\u00e9es et selon le niveau de risque que pr\u00e9sente le traitement ou sa mise en \u0153uvre.<\/span><\/p>\n<h2><b>Dur\u00e9e de conservation des donn\u00e9es<\/b><\/h2>\n<p><span style=\"font-weight: 400;\">La dur\u00e9e d&#8217;utilit\u00e9 administrative (DUA) est la dur\u00e9e pendant laquelle les documents, donn\u00e9es ou informations archiv\u00e9s doivent \u00eatre conserv\u00e9s et gard\u00e9s en \u00e9tat d&#8217;\u00eatre consult\u00e9s et utilis\u00e9s, soit par ceux qui les ont produits, soit par des services d&#8217;archives.<\/span><\/p>\n<p><span style=\"font-weight: 400;\">Vous trouverez ci-dessous les dur\u00e9es d&#8217;utilit\u00e9 administrative (DUA) applicables aux principales proc\u00e9dures g\u00e9r\u00e9es par Le Churchill. La DUA couvre la dur\u00e9e de conservation en base active et en archives internes.<\/span><\/p>\n<p>&nbsp;<\/p>\n<table style=\"height: 75px;\">\n<tbody>\n<tr style=\"height: 25px;\">\n<td style=\"height: 25px; width: 491px;\"><b>Proc\u00e9dure<\/b><\/td>\n<td style=\"height: 25px; width: 34px;\"><b>DUA<\/b><\/td>\n<\/tr>\n<tr style=\"height: 25px;\">\n<td style=\"height: 25px; width: 491px;\"><span style=\"font-weight: 400;\">Traitements des donn\u00e9es du formulaire de contact\/devis<\/span><\/td>\n<td style=\"height: 25px; width: 34px;\"><span style=\"font-weight: 400;\">3 ans<\/span><\/td>\n<\/tr>\n<\/tbody>\n<\/table>\n<p><span style=\"font-weight: 400;\">MODIFICATION DE LA POLITIQUE DE PROTECTION DES DONN\u00c9ES<\/span><\/p>\n<p><span style=\"font-weight: 400;\">La pr\u00e9sente Politique de protection des donn\u00e9es personnelles peut \u00eatre amen\u00e9e \u00e0 \u00e9voluer.<\/span>[\/vc_column_text][\/vc_column][\/vc_row]<\/p>\n","protected":false},"excerpt":{"rendered":"<p>[vc_row full_width=&#8221;stretch_row&#8221; css=&#8221;.vc_custom_1555682854788{background-image: url(https:\/\/www.lechurchill.com\/wp-content\/uploads\/2019\/02\/slide2.jpg?id=30) !important;}&#8221; el_class=&#8221;titre-list-chambres&#8221;][vc_column][vc_column_text] Personal data [\/vc_column_text][\/vc_column][\/vc_row][vc_row full_width=&#8221;stretch_row&#8221; el_class=&#8221;bg-fleur&#8221;][vc_column][vc_column_text]Date de derni\u00e8re modification : 02\/05\/19 Nous nous engageons \u00e0 ce que la collecte et le<span class=\"excerpt-hellip\"> [\u2026]<\/span><\/p>\n","protected":false},"author":1,"featured_media":0,"parent":0,"menu_order":0,"comment_status":"closed","ping_status":"open","template":"","meta":{"_acf_changed":false,"_mi_skip_tracking":false,"footnotes":""},"acf":[],"yoast_head":"<!-- This site is optimized with the Yoast SEO plugin v19.8 - https:\/\/yoast.com\/wordpress\/plugins\/seo\/ -->\n<title>Personal data - H\u00f4tel Le Churchill<\/title>\n<meta name=\"robots\" content=\"noindex, follow\" \/>\n<meta property=\"og:locale\" content=\"en_US\" \/>\n<meta property=\"og:type\" content=\"article\" \/>\n<meta property=\"og:title\" content=\"Personal data - H\u00f4tel Le Churchill\" \/>\n<meta property=\"og:description\" content=\"[vc_row full_width=&#8221;stretch_row&#8221; css=&#8221;.vc_custom_1555682854788{background-image: url(https:\/\/www.lechurchill.com\/wp-content\/uploads\/2019\/02\/slide2.jpg?id=30) !important;}&#8221; el_class=&#8221;titre-list-chambres&#8221;][vc_column][vc_column_text] Personal data [\/vc_column_text][\/vc_column][\/vc_row][vc_row full_width=&#8221;stretch_row&#8221; el_class=&#8221;bg-fleur&#8221;][vc_column][vc_column_text]Date de derni\u00e8re modification : 02\/05\/19 Nous nous engageons \u00e0 ce que la collecte et le [\u2026]\" \/>\n<meta property=\"og:url\" content=\"https:\/\/www.lechurchill.com\/en\/personal-data\/\" \/>\n<meta property=\"og:site_name\" content=\"H\u00f4tel Le Churchill\" \/>\n<meta property=\"article:modified_time\" content=\"2019-05-02T15:19:26+00:00\" \/>\n<meta name=\"twitter:card\" content=\"summary_large_image\" \/>\n<meta name=\"twitter:label1\" content=\"Est. reading time\" \/>\n\t<meta name=\"twitter:data1\" content=\"6 minutes\" \/>\n<script type=\"application\/ld+json\" class=\"yoast-schema-graph\">{\"@context\":\"https:\/\/schema.org\",\"@graph\":[{\"@type\":\"WebPage\",\"@id\":\"https:\/\/www.lechurchill.com\/en\/personal-data\/\",\"url\":\"https:\/\/www.lechurchill.com\/en\/personal-data\/\",\"name\":\"Personal data - H\u00f4tel Le Churchill\",\"isPartOf\":{\"@id\":\"https:\/\/www.lechurchill.com\/#website\"},\"datePublished\":\"2019-02-27T16:28:50+00:00\",\"dateModified\":\"2019-05-02T15:19:26+00:00\",\"breadcrumb\":{\"@id\":\"https:\/\/www.lechurchill.com\/en\/personal-data\/#breadcrumb\"},\"inLanguage\":\"en-US\",\"potentialAction\":[{\"@type\":\"ReadAction\",\"target\":[\"https:\/\/www.lechurchill.com\/en\/personal-data\/\"]}]},{\"@type\":\"BreadcrumbList\",\"@id\":\"https:\/\/www.lechurchill.com\/en\/personal-data\/#breadcrumb\",\"itemListElement\":[{\"@type\":\"ListItem\",\"position\":1,\"name\":\"Accueil\",\"item\":\"https:\/\/www.lechurchill.com\/en\/\"},{\"@type\":\"ListItem\",\"position\":2,\"name\":\"Personal data\"}]},{\"@type\":\"WebSite\",\"@id\":\"https:\/\/www.lechurchill.com\/#website\",\"url\":\"https:\/\/www.lechurchill.com\/\",\"name\":\"H\u00f4tel Le Churchill\",\"description\":\"Vue mer, face \u00e0 la grande plage de Carnac\",\"potentialAction\":[{\"@type\":\"SearchAction\",\"target\":{\"@type\":\"EntryPoint\",\"urlTemplate\":\"https:\/\/www.lechurchill.com\/?s={search_term_string}\"},\"query-input\":\"required name=search_term_string\"}],\"inLanguage\":\"en-US\"}]}<\/script>\n<!-- \/ Yoast SEO plugin. -->","yoast_head_json":{"title":"Personal data - H\u00f4tel Le Churchill","robots":{"index":"noindex","follow":"follow"},"og_locale":"en_US","og_type":"article","og_title":"Personal data - H\u00f4tel Le Churchill","og_description":"[vc_row full_width=&#8221;stretch_row&#8221; css=&#8221;.vc_custom_1555682854788{background-image: url(https:\/\/www.lechurchill.com\/wp-content\/uploads\/2019\/02\/slide2.jpg?id=30) !important;}&#8221; el_class=&#8221;titre-list-chambres&#8221;][vc_column][vc_column_text] Personal data [\/vc_column_text][\/vc_column][\/vc_row][vc_row full_width=&#8221;stretch_row&#8221; el_class=&#8221;bg-fleur&#8221;][vc_column][vc_column_text]Date de derni\u00e8re modification : 02\/05\/19 Nous nous engageons \u00e0 ce que la collecte et le [\u2026]","og_url":"https:\/\/www.lechurchill.com\/en\/personal-data\/","og_site_name":"H\u00f4tel Le Churchill","article_modified_time":"2019-05-02T15:19:26+00:00","twitter_card":"summary_large_image","twitter_misc":{"Est. reading time":"6 minutes"},"schema":{"@context":"https:\/\/schema.org","@graph":[{"@type":"WebPage","@id":"https:\/\/www.lechurchill.com\/en\/personal-data\/","url":"https:\/\/www.lechurchill.com\/en\/personal-data\/","name":"Personal data - H\u00f4tel Le Churchill","isPartOf":{"@id":"https:\/\/www.lechurchill.com\/#website"},"datePublished":"2019-02-27T16:28:50+00:00","dateModified":"2019-05-02T15:19:26+00:00","breadcrumb":{"@id":"https:\/\/www.lechurchill.com\/en\/personal-data\/#breadcrumb"},"inLanguage":"en-US","potentialAction":[{"@type":"ReadAction","target":["https:\/\/www.lechurchill.com\/en\/personal-data\/"]}]},{"@type":"BreadcrumbList","@id":"https:\/\/www.lechurchill.com\/en\/personal-data\/#breadcrumb","itemListElement":[{"@type":"ListItem","position":1,"name":"Accueil","item":"https:\/\/www.lechurchill.com\/en\/"},{"@type":"ListItem","position":2,"name":"Personal data"}]},{"@type":"WebSite","@id":"https:\/\/www.lechurchill.com\/#website","url":"https:\/\/www.lechurchill.com\/","name":"H\u00f4tel Le Churchill","description":"Vue mer, face \u00e0 la grande plage de Carnac","potentialAction":[{"@type":"SearchAction","target":{"@type":"EntryPoint","urlTemplate":"https:\/\/www.lechurchill.com\/?s={search_term_string}"},"query-input":"required name=search_term_string"}],"inLanguage":"en-US"}]}},"_links":{"self":[{"href":"https:\/\/www.lechurchill.com\/en\/wp-json\/wp\/v2\/pages\/667"}],"collection":[{"href":"https:\/\/www.lechurchill.com\/en\/wp-json\/wp\/v2\/pages"}],"about":[{"href":"https:\/\/www.lechurchill.com\/en\/wp-json\/wp\/v2\/types\/page"}],"author":[{"embeddable":true,"href":"https:\/\/www.lechurchill.com\/en\/wp-json\/wp\/v2\/users\/1"}],"replies":[{"embeddable":true,"href":"https:\/\/www.lechurchill.com\/en\/wp-json\/wp\/v2\/comments?post=667"}],"version-history":[{"count":1,"href":"https:\/\/www.lechurchill.com\/en\/wp-json\/wp\/v2\/pages\/667\/revisions"}],"predecessor-version":[{"id":668,"href":"https:\/\/www.lechurchill.com\/en\/wp-json\/wp\/v2\/pages\/667\/revisions\/668"}],"wp:attachment":[{"href":"https:\/\/www.lechurchill.com\/en\/wp-json\/wp\/v2\/media?parent=667"}],"curies":[{"name":"wp","href":"https:\/\/api.w.org\/{rel}","templated":true}]}}