{"id":532,"date":"2019-04-30T15:46:18","date_gmt":"2019-04-30T13:46:18","guid":{"rendered":"https:\/\/www.lechurchill.com\/?page_id=532"},"modified":"2022-06-01T15:06:03","modified_gmt":"2022-06-01T13:06:03","slug":"rooms-hotel-sea-view-carnac","status":"publish","type":"page","link":"https:\/\/www.lechurchill.com\/en\/rooms-hotel-sea-view-carnac\/","title":{"rendered":"All our rooms"},"content":{"rendered":"<p>[vc_row full_width=&#8221;stretch_row&#8221; css=&#8221;.vc_custom_1654088759765{background-image: url(https:\/\/www.lechurchill.com\/wp-content\/uploads\/2022\/06\/chambre-2.jpg?id=3599) !important;}&#8221; el_class=&#8221;titre-list-chambres&#8221;][vc_column][vc_column_text]<\/p>\r\n<h1 style=\"text-align: center;\">All our rooms<\/h1>\r\n<h1 style=\"text-align: center;\"><em>Sea view, rest and fresh air<\/em><\/h1>\r\n<p>[\/vc_column_text][vc_column_text]<\/p>\r\n<p style=\"text-align: center;\">Facing the sea, right on the beach, the H\u00f4tel le Churchill now offers an oasis, a magical getaway, entirely dedicated to your relaxation.<\/p>\r\n<p>[\/vc_column_text][\/vc_column][\/vc_row][vc_row full_width=&#8221;stretch_row&#8221; el_class=&#8221;bg-fleur&#8221;][vc_column][vc_column_text]<\/p>\r\n<div id=\"room_list\"><div class=\"room_item\">\t<div class=\"image auto_center_image\">\t\t<img decoding=\"async\" src=\"https:\/\/www.lechurchill.com\/wp-content\/uploads\/2019\/04\/chambre-hotel-personne-mobilite-reduite-pmr-768x512.jpg\" alt=\"\" class=\"\">\t\t<a href=\"https:\/\/www.lechurchill.com\/en\/chambres\/person-mobility-reduced-pmr-carnac\/\" class=\"main_link\" rel=\"nofollow\" title=\"Room Reduced mobility room\"><\/a>\t<div class=\"content\">\t\t<p class=\"title\">\t\t\t<span class=\"room_label\">Room<\/span>\t\t\t<span class=\"room_name\"><a href=\"https:\/\/www.lechurchill.com\/en\/chambres\/person-mobility-reduced-pmr-carnac\/\" title=\"Room Reduced mobility room\">Reduced mobility room<\/a><\/span>\t\t\t<span class=\"room_price\">From \u20ac145 to \u20ac280<\/span>\t\t<\/p>\t\t<a href=\"https:\/\/www.lechurchill.com\/en\/chambres\/person-mobility-reduced-pmr-carnac\/\" class=\"det-chambre\" title=\"Room Reduced mobility room\"><\/a>\t<\/div>\t<\/div><\/div><div class=\"room_item\">\t<div class=\"image auto_center_image\">\t\t<img decoding=\"async\" src=\"https:\/\/www.lechurchill.com\/wp-content\/uploads\/2019\/03\/appart1-1-768x432.jpg\" alt=\"Appart-h\u00f4tel \u00e0 Carnac pour 4-6 personnes, avec vue sur mer \u00e0 l\u2019H\u00f4tel Le Churchill, id\u00e9al pour un s\u00e9jour en famille en Morbihan.\" class=\"\">\t\t<a href=\"https:\/\/www.lechurchill.com\/en\/chambres\/apart-hotel-4-6-persons-carnac\/\" class=\"main_link\" rel=\"nofollow\" title=\"Room 4\/6 person apartment\"><\/a>\t<div class=\"content\">\t\t<p class=\"title\">\t\t\t<span class=\"room_label\">Room<\/span>\t\t\t<span class=\"room_name\"><a href=\"https:\/\/www.lechurchill.com\/en\/chambres\/apart-hotel-4-6-persons-carnac\/\" title=\"Room 4\/6 person apartment\">4\/6 person apartment<\/a><\/span>\t\t\t<span class=\"room_price\">from \u20ac300 to \u20ac455<\/span>\t\t<\/p>\t\t<a href=\"https:\/\/www.lechurchill.com\/en\/chambres\/apart-hotel-4-6-persons-carnac\/\" class=\"det-chambre\" title=\"Room 4\/6 person apartment\"><\/a>\t<\/div>\t<\/div><\/div><div class=\"room_item\">\t<div class=\"image auto_center_image\">\t\t<img decoding=\"async\" src=\"https:\/\/www.lechurchill.com\/wp-content\/uploads\/2019\/03\/chambre-hotel-familiale-carnac-vue-mer-3-768x512.jpg\" alt=\"Chambre familiale \u00e0 l\u2019H\u00f4tel Le Churchill \u00e0 Carnac\" class=\"\">\t\t<a href=\"https:\/\/www.lechurchill.com\/en\/chambres\/family-room\/\" class=\"main_link\" rel=\"nofollow\" title=\"Room Family room\"><\/a>\t<div class=\"content\">\t\t<p class=\"title\">\t\t\t<span class=\"room_label\">Room<\/span>\t\t\t<span class=\"room_name\"><a href=\"https:\/\/www.lechurchill.com\/en\/chambres\/family-room\/\" title=\"Room Family room\">Family room<\/a><\/span>\t\t\t<span class=\"room_price\">From \u20ac169 to \u20ac284<\/span>\t\t<\/p>\t\t<a href=\"https:\/\/www.lechurchill.com\/en\/chambres\/family-room\/\" class=\"det-chambre\" title=\"Room Family room\"><\/a>\t<\/div>\t<\/div><\/div><div class=\"room_item\">\t<div class=\"image auto_center_image\">\t\t<img decoding=\"async\" src=\"https:\/\/www.lechurchill.com\/wp-content\/uploads\/2019\/03\/chambre-hotel-luxe-carnac-vue-mer-accessible-pmr-768x512.jpg\" alt=\"Chambre luxe accessible PMR \u00e0 l\u2019H\u00f4tel Le Churchill \u00e0 Carnac, avec vue sur mer et \u00e9quipements adapt\u00e9s pour un confort optimal en Morbiha\" class=\"\">\t\t<a href=\"https:\/\/www.lechurchill.com\/en\/chambres\/hotel-luxury-carnac\/\" class=\"main_link\" rel=\"nofollow\" title=\"Room Prestige room\"><\/a>\t<div class=\"content\">\t\t<p class=\"title\">\t\t\t<span class=\"room_label\">Room<\/span>\t\t\t<span class=\"room_name\"><a href=\"https:\/\/www.lechurchill.com\/en\/chambres\/hotel-luxury-carnac\/\" title=\"Room Prestige room\">Prestige room<\/a><\/span>\t\t\t<span class=\"room_price\">From \u20ac159 to \u20ac280<\/span>\t\t<\/p>\t\t<a href=\"https:\/\/www.lechurchill.com\/en\/chambres\/hotel-luxury-carnac\/\" class=\"det-chambre\" title=\"Room Prestige room\"><\/a>\t<\/div>\t<\/div><\/div><div class=\"room_item\">\t<div class=\"image auto_center_image\">\t\t<img decoding=\"async\" src=\"https:\/\/www.lechurchill.com\/wp-content\/uploads\/2019\/03\/chambre-hotel-tv-grand-ecran-carnac-vue-mer-768x512.jpg\" alt=\"Chambre d\u2019h\u00f4tel avec t\u00e9l\u00e9vision grand \u00e9cran et vue sur mer \u00e0 l\u2019H\u00f4tel Le Churchill \u00e0 Carnac, pour un confort optimal en Morbihan.\" class=\"\">\t\t<a href=\"https:\/\/www.lechurchill.com\/en\/chambres\/privilege-room\/\" class=\"main_link\" rel=\"nofollow\" title=\"Room Privilege Room\"><\/a>\t<div class=\"content\">\t\t<p class=\"title\">\t\t\t<span class=\"room_label\">Room<\/span>\t\t\t<span class=\"room_name\"><a href=\"https:\/\/www.lechurchill.com\/en\/chambres\/privilege-room\/\" title=\"Room Privilege Room\">Privilege Room<\/a><\/span>\t\t\t<span class=\"room_price\">From \u20ac129 to \u20ac224<\/span>\t\t<\/p>\t\t<a href=\"https:\/\/www.lechurchill.com\/en\/chambres\/privilege-room\/\" class=\"det-chambre\" title=\"Room Privilege Room\"><\/a>\t<\/div>\t<\/div><\/div><div class=\"room_item\">\t<div class=\"image auto_center_image\">\t\t<img decoding=\"async\" src=\"https:\/\/www.lechurchill.com\/wp-content\/uploads\/2019\/03\/chambre-hotel-terrasse-vue-mer-carnac-768x512.jpg\" alt=\"Chambre d\u2019h\u00f4tel avec terrasse et vue sur mer \u00e0 l\u2019H\u00f4tel Le Churchill \u00e0 Carnac, pour un s\u00e9jour de d\u00e9tente en Morbihan.\" class=\"\">\t\t<a href=\"https:\/\/www.lechurchill.com\/en\/chambres\/classic-room\/\" class=\"main_link\" rel=\"nofollow\" title=\"Room Classic Room\"><\/a>\t<div class=\"content\">\t\t<p class=\"title\">\t\t\t<span class=\"room_label\">Room<\/span>\t\t\t<span class=\"room_name\"><a href=\"https:\/\/www.lechurchill.com\/en\/chambres\/classic-room\/\" title=\"Room Classic Room\">Classic Room<\/a><\/span>\t\t\t<span class=\"room_price\">From \u20ac105 to \u20ac199<\/span>\t\t<\/p>\t\t<a href=\"https:\/\/www.lechurchill.com\/en\/chambres\/classic-room\/\" class=\"det-chambre\" title=\"Room Classic Room\"><\/a>\t<\/div>\t<\/div><\/div><\/div>\r\n<p>[\/vc_column_text][\/vc_column][\/vc_row]<\/p>","protected":false},"excerpt":{"rendered":"<p>[vc_row full_width=&#8221;stretch_row&#8221; css=&#8221;.vc_custom_1654088759765{background-image: url(https:\/\/www.lechurchill.com\/wp-content\/uploads\/2022\/06\/chambre-2.jpg?id=3599) !important;}&#8221; el_class=&#8221;titre-list-chambres&#8221;][vc_column][vc_column_text] All our rooms Sea view, rest and fresh air [\/vc_column_text][vc_column_text] Facing the sea, right on the beach, the H\u00f4tel le<span class=\"excerpt-hellip\"> [\u2026]<\/span><\/p>\n","protected":false},"author":1,"featured_media":0,"parent":0,"menu_order":0,"comment_status":"closed","ping_status":"closed","template":"","meta":{"_acf_changed":false,"_mi_skip_tracking":false,"footnotes":""},"acf":[],"yoast_head":"<!-- This site is optimized with the Yoast SEO plugin v19.8 - https:\/\/yoast.com\/wordpress\/plugins\/seo\/ -->\n<title>Hotels in Carnac in the Morbihan (56), on the sea - The Churchill Hotel Carnac<\/title>\n<meta name=\"description\" content=\"Rooms with sea view, terrace or balcony, on the beach at Carnac in Morbihan\" \/>\n<meta name=\"robots\" content=\"index, follow, max-snippet:-1, max-image-preview:large, max-video-preview:-1\" \/>\n<link rel=\"canonical\" href=\"https:\/\/www.lechurchill.com\/en\/rooms-hotel-sea-view-carnac\/\" \/>\n<meta property=\"og:locale\" content=\"en_US\" \/>\n<meta property=\"og:type\" content=\"article\" \/>\n<meta property=\"og:title\" content=\"Hotels in Carnac in the Morbihan (56), on the sea - The Churchill Hotel Carnac\" \/>\n<meta property=\"og:description\" content=\"Rooms with sea view, terrace or balcony, on the beach at Carnac in Morbihan\" \/>\n<meta property=\"og:url\" content=\"https:\/\/www.lechurchill.com\/en\/rooms-hotel-sea-view-carnac\/\" \/>\n<meta property=\"og:site_name\" content=\"H\u00f4tel Le Churchill\" \/>\n<meta property=\"article:modified_time\" content=\"2022-06-01T13:06:03+00:00\" \/>\n<meta name=\"twitter:card\" content=\"summary_large_image\" \/>\n<meta name=\"twitter:label1\" content=\"Est. reading time\" \/>\n\t<meta name=\"twitter:data1\" content=\"1 minute\" \/>\n<script type=\"application\/ld+json\" class=\"yoast-schema-graph\">{\"@context\":\"https:\/\/schema.org\",\"@graph\":[{\"@type\":\"WebPage\",\"@id\":\"https:\/\/www.lechurchill.com\/en\/rooms-hotel-sea-view-carnac\/\",\"url\":\"https:\/\/www.lechurchill.com\/en\/rooms-hotel-sea-view-carnac\/\",\"name\":\"Hotels in Carnac in the Morbihan (56), on the sea - The Churchill Hotel Carnac\",\"isPartOf\":{\"@id\":\"https:\/\/www.lechurchill.com\/#website\"},\"datePublished\":\"2019-04-30T13:46:18+00:00\",\"dateModified\":\"2022-06-01T13:06:03+00:00\",\"description\":\"Rooms with sea view, terrace or balcony, on the beach at Carnac in Morbihan\",\"breadcrumb\":{\"@id\":\"https:\/\/www.lechurchill.com\/en\/rooms-hotel-sea-view-carnac\/#breadcrumb\"},\"inLanguage\":\"en-US\",\"potentialAction\":[{\"@type\":\"ReadAction\",\"target\":[\"https:\/\/www.lechurchill.com\/en\/rooms-hotel-sea-view-carnac\/\"]}]},{\"@type\":\"BreadcrumbList\",\"@id\":\"https:\/\/www.lechurchill.com\/en\/rooms-hotel-sea-view-carnac\/#breadcrumb\",\"itemListElement\":[{\"@type\":\"ListItem\",\"position\":1,\"name\":\"Accueil\",\"item\":\"https:\/\/www.lechurchill.com\/en\/\"},{\"@type\":\"ListItem\",\"position\":2,\"name\":\"All our rooms\"}]},{\"@type\":\"WebSite\",\"@id\":\"https:\/\/www.lechurchill.com\/#website\",\"url\":\"https:\/\/www.lechurchill.com\/\",\"name\":\"H\u00f4tel Le Churchill\",\"description\":\"Vue mer, face \u00e0 la grande plage de Carnac\",\"potentialAction\":[{\"@type\":\"SearchAction\",\"target\":{\"@type\":\"EntryPoint\",\"urlTemplate\":\"https:\/\/www.lechurchill.com\/?s={search_term_string}\"},\"query-input\":\"required name=search_term_string\"}],\"inLanguage\":\"en-US\"}]}<\/script>\n<!-- \/ Yoast SEO plugin. -->","yoast_head_json":{"title":"Hotels in Carnac in the Morbihan (56), on the sea - The Churchill Hotel Carnac","description":"Rooms with sea view, terrace or balcony, on the beach at Carnac in Morbihan","robots":{"index":"index","follow":"follow","max-snippet":"max-snippet:-1","max-image-preview":"max-image-preview:large","max-video-preview":"max-video-preview:-1"},"canonical":"https:\/\/www.lechurchill.com\/en\/rooms-hotel-sea-view-carnac\/","og_locale":"en_US","og_type":"article","og_title":"Hotels in Carnac in the Morbihan (56), on the sea - The Churchill Hotel Carnac","og_description":"Rooms with sea view, terrace or balcony, on the beach at Carnac in Morbihan","og_url":"https:\/\/www.lechurchill.com\/en\/rooms-hotel-sea-view-carnac\/","og_site_name":"H\u00f4tel Le Churchill","article_modified_time":"2022-06-01T13:06:03+00:00","twitter_card":"summary_large_image","twitter_misc":{"Est. reading time":"1 minute"},"schema":{"@context":"https:\/\/schema.org","@graph":[{"@type":"WebPage","@id":"https:\/\/www.lechurchill.com\/en\/rooms-hotel-sea-view-carnac\/","url":"https:\/\/www.lechurchill.com\/en\/rooms-hotel-sea-view-carnac\/","name":"Hotels in Carnac in the Morbihan (56), on the sea - The Churchill Hotel Carnac","isPartOf":{"@id":"https:\/\/www.lechurchill.com\/#website"},"datePublished":"2019-04-30T13:46:18+00:00","dateModified":"2022-06-01T13:06:03+00:00","description":"Rooms with sea view, terrace or balcony, on the beach at Carnac in Morbihan","breadcrumb":{"@id":"https:\/\/www.lechurchill.com\/en\/rooms-hotel-sea-view-carnac\/#breadcrumb"},"inLanguage":"en-US","potentialAction":[{"@type":"ReadAction","target":["https:\/\/www.lechurchill.com\/en\/rooms-hotel-sea-view-carnac\/"]}]},{"@type":"BreadcrumbList","@id":"https:\/\/www.lechurchill.com\/en\/rooms-hotel-sea-view-carnac\/#breadcrumb","itemListElement":[{"@type":"ListItem","position":1,"name":"Accueil","item":"https:\/\/www.lechurchill.com\/en\/"},{"@type":"ListItem","position":2,"name":"All our rooms"}]},{"@type":"WebSite","@id":"https:\/\/www.lechurchill.com\/#website","url":"https:\/\/www.lechurchill.com\/","name":"H\u00f4tel Le Churchill","description":"Vue mer, face \u00e0 la grande plage de Carnac","potentialAction":[{"@type":"SearchAction","target":{"@type":"EntryPoint","urlTemplate":"https:\/\/www.lechurchill.com\/?s={search_term_string}"},"query-input":"required name=search_term_string"}],"inLanguage":"en-US"}]}},"_links":{"self":[{"href":"https:\/\/www.lechurchill.com\/en\/wp-json\/wp\/v2\/pages\/532"}],"collection":[{"href":"https:\/\/www.lechurchill.com\/en\/wp-json\/wp\/v2\/pages"}],"about":[{"href":"https:\/\/www.lechurchill.com\/en\/wp-json\/wp\/v2\/types\/page"}],"author":[{"embeddable":true,"href":"https:\/\/www.lechurchill.com\/en\/wp-json\/wp\/v2\/users\/1"}],"replies":[{"embeddable":true,"href":"https:\/\/www.lechurchill.com\/en\/wp-json\/wp\/v2\/comments?post=532"}],"version-history":[{"count":5,"href":"https:\/\/www.lechurchill.com\/en\/wp-json\/wp\/v2\/pages\/532\/revisions"}],"predecessor-version":[{"id":3602,"href":"https:\/\/www.lechurchill.com\/en\/wp-json\/wp\/v2\/pages\/532\/revisions\/3602"}],"wp:attachment":[{"href":"https:\/\/www.lechurchill.com\/en\/wp-json\/wp\/v2\/media?parent=532"}],"curies":[{"name":"wp","href":"https:\/\/api.w.org\/{rel}","templated":true}]}}