{"id":519,"date":"2019-04-29T17:20:45","date_gmt":"2019-04-29T15:20:45","guid":{"rendered":"https:\/\/www.lechurchill.com\/?page_id=519"},"modified":"2025-05-13T09:00:14","modified_gmt":"2025-05-13T07:00:14","slug":"home","status":"publish","type":"page","link":"https:\/\/www.lechurchill.com\/en\/","title":{"rendered":"Home"},"content":{"rendered":"<p>[vc_section][vc_row full_width=&#8221;stretch_row_content_no_spaces&#8221;][vc_column]<div class=\"idaddons_slider_block \"><ul class=\"idaddons_slider  full_height\" styles=\"\" data-transition-type=fade data-duration=9000 data-transition-duration=300 data-autoplay=oui data-slides-to-show=1 data-slides-to-scroll=1 data-infinite=oui data-dots=non data-arrows=non><span class=\"transparent_mask\" style=\"background-color: rgba(0, 0, 0, 0)\"><\/span><li><div class=\"auto_center_image\"><img data-lazy=\"https:\/\/www.lechurchill.com\/wp-content\/uploads\/2022\/06\/slide1-1.jpg\" alt=\"Plage de Carnac, situ\u00e9e pr\u00e8s de l\u2019H\u00f4tel Le Churchill, un lieu id\u00e9al pour la d\u00e9tente en Morbihan.\"><\/div><\/li><li><div class=\"auto_center_image\"><img data-lazy=\"https:\/\/www.lechurchill.com\/wp-content\/uploads\/2019\/02\/slide2.jpg\" alt=\"\"><\/div><\/li><li><div class=\"auto_center_image\"><img data-lazy=\"https:\/\/www.lechurchill.com\/wp-content\/uploads\/2022\/06\/slide1-2.jpg\" alt=\"Ext\u00e9rieur de l\u2019H\u00f4tel Le Churchill \u00e0 Carnac, avec un cadre \u00e9l\u00e9gant et un acc\u00e8s direct \u00e0 la plage en Morbihan.\"><\/div><\/li><\/ul><div class='ida_slider_content'>\n\t\t\t\t<div class='ida_slider_title'><p>H\u00f4tel Le Churchill<\/p><\/div>\n\t\t\t\t<div class='ida_slider_description'>Sea view, right on the main beach in Carnac<\/div>\n\t\t\t\t\n\t\t\t<\/div><\/div>[\/vc_column][\/vc_row][\/vc_section][vc_row el_class=&#8221;blk-resa-home&#8221;][vc_column][vc_raw_html el_class=&#8221;blk-resa&#8221;]JTNDcCUyMGNsYXNzJTNEJTIydGl0cmUtcmVzYSUyMiUzRURpcmVjdCUyMHJlc2VydmF0aW9ucyUzQyUyRnAlM0UlMEElM0NwJTIwY2xhc3MlM0QlMjJmb25kLXJlc2ElMjIlM0UlMEElM0NhJTIwaHJlZiUzRCUyMnRlbCUzQSUyQjMzJTIwJTI4MCUyOTIlMjA5NyUyMDUyJTIwNTAlMjAyMCUyMiUyMGNsYXNzJTNEJTIyYnRuLWJsYW5jJTIyJTNFMDIlMjZuYnNwJTNCOTclMjZuYnNwJTNCNTIlMjZuYnNwJTNCNTAlMjZuYnNwJTNCMjAlM0MlMkZhJTNFJTBBJTNDYSUyMGhyZWYlM0QlMjJodHRwcyUzQSUyRiUyRnNlY3VyZS5yZXNlcnZpdC5jb20lMkZmbyUyRmJvb2tpbmclMkYyJTJGMTMxNjcwJTJGZGF0ZXMlMjIlMjB0YXJnZXQlM0QlMjJfYmxhbmslMjIlMjBjbGFzcyUzRCUyMmJ0bi12aW9sZXQlMjIlMjB0aXRsZSUzRCUyMlIlQzMlQTlzZXJ2YXRpb24lMjBoJUMzJUI0dGVsJTIwQ2FybmFjJTIyJTNFUmVzZXJ2YXRpb25zJTNDJTJGYSUzRSUwQSUzQ2ltZyUyMGNsYXNzJTNEJTIybWVpbGxldXIlMjIlMjBhbHQlM0QlMjJNZWlsbGV1ciUyMHByaXglMjBnYXJhbnRpJTIyJTIwc3JjJTNEJTIyaHR0cHMlM0ElMkYlMkZ3d3cubGVjaHVyY2hpbGwuY29tJTJGd3AtY29udGVudCUyRnVwbG9hZHMlMkYyMDE5JTJGMDQlMkZwcml4LUVOLnBuZyUyMiUzRSUwQSUzQyUyRnAlM0U=[\/vc_raw_html][\/vc_column][\/vc_row][vc_row equal_height=&#8221;yes&#8221; el_class=&#8221;c txt-home&#8221;][vc_column width=&#8221;1\/3&#8243; css=&#8221;.vc_custom_1552557951849{background-image: url(https:\/\/www.lechurchill.com\/wp-content\/uploads\/2019\/03\/femme-sauna.jpg?id=78) !important;}&#8221; offset=&#8221;vc_hidden-xs&#8221; el_class=&#8221;img-home&#8221;][\/vc_column][vc_column width=&#8221;2\/3&#8243; css=&#8221;.vc_custom_1552558532216{padding-top: 80px !important;}&#8221; offset=&#8221;vc_col-lg-offset-1 vc_col-lg-6 vc_col-xs-12&#8243; el_class=&#8221;blk-txt&#8221;][vc_column_text]<\/p>\n<h1>H\u00f4tel le Churchill<br \/>\n<em>swimming pool &amp; spa in carnac<\/em><\/h1>\n<p>Welcome to H\u00f4tel le Churchill, the new 4 star destination in Carnac Plage. All of the rooms <strong>face the sea<\/strong>. They all have a terrace or balcony. They are fitted with a large screen LCD TV with a satellite package, free wifi, mini bar, safe, courtesy tray&#8230;<\/p>\n<p>Next to the main beach in Carnac on the Bay of Quiberon, the H\u00f4tel le Churchill now offers a venue that is entirely dedicated to your relaxation and comfort.<\/p>\n<p>All of the rooms <strong>face the sea<\/strong>. They all have a terrace or balcony. They are fitted with a large screen LCD TV with a satellite package, free wifi, mini bar, safe, courtesy tray&#8230;<\/p>\n<p>You can relax next to the <strong>heated freshwater pool<\/strong>, in the <strong>hammam<\/strong> or <strong>sauna<\/strong> at no extra cost. You can make an appointment to enjoy a Shiatsu or Thai massage or simply wind down in our well-being area.<\/p>\n<ul>\n<li>4 stars<\/li>\n<li>Sea view<\/li>\n<li>Free wifi<\/li>\n<li>Well-being area<\/li>\n<li>Close to the port<\/li>\n<li>Air-conditioned hotel<\/li>\n<\/ul>\n<p>[\/vc_column_text][idaddons_visual_composer_button_1 key_fix=&#8221;1&#8243; title=&#8221;Find out more about the hotel&#8221; link=&#8221;url:https%3A%2F%2Fwww.lechurchill.com%2Fhotel-face-grande-plage-carnac%2F|title:L%E2%80%99h%C3%B4tel||&#8221;][\/vc_column][\/vc_row][vc_row el_class=&#8221;zindex&#8221;][vc_column width=&#8221;1\/4&#8243;][\/vc_column][vc_column width=&#8221;3\/4&#8243;][vc_single_image image=&#8221;81&#8243; img_size=&#8221;full&#8221; css=&#8221;.vc_custom_1551879760767{margin-bottom: 0px !important;border-bottom-width: 0px !important;padding-bottom: 0px !important;}&#8221;][vc_column_text css=&#8221;.vc_custom_1556551167947{margin-top: 0px !important;border-top-width: 0px !important;padding-top: 0px !important;}&#8221;]<em>Outdoor pool open from April to 15th October depending on the weather<\/em>[\/vc_column_text][\/vc_column][\/vc_row][vc_row full_width=&#8221;stretch_row&#8221; el_class=&#8221;bg-slide-home full-width&#8221; css=&#8221;.vc_custom_1552561705191{padding-top: 50px !important;padding-bottom: 30px !important;}&#8221;][vc_column][vc_column_text]<\/p>\n<h2 class=\"titre\" style=\"text-align: center;\">Our sea view rooms<br \/>\n<em>relaxation and sea air in Carnac&#8230;<\/em><\/h2>\n<p>[\/vc_column_text][vc_column_text]<div id=\"room_slider\"><div class=\"name_slider\"><div class=\"name_container active\"><a href=\"#\">Classic<span>Room<\/span><\/a><\/div><div class=\"name_container \"><a href=\"#\">Privilege<span>Room<\/span><\/a><\/div><div class=\"name_container \"><a href=\"#\">Prestige<span>room<\/span><\/a><\/div><div class=\"name_container \"><a href=\"#\">Family<span>room<\/span><\/a><\/div><div class=\"name_container \"><a href=\"#\">4\/6<span>person apartment<\/span><\/a><\/div><div class=\"name_container \"><a href=\"#\">Reduced<span>mobility room<\/span><\/a><\/div><\/div><div class=\"image_slider\"><div class=\"image_container\"><div class=\"image auto_center_image\"><img decoding=\"async\" class=\"\" src=\"https:\/\/www.lechurchill.com\/wp-content\/uploads\/2019\/03\/chambre-hotel-terrasse-vue-mer-carnac.jpg\" alt=\"Chambre d\u2019h\u00f4tel avec terrasse et vue sur mer \u00e0 l\u2019H\u00f4tel Le Churchill \u00e0 Carnac, pour un s\u00e9jour de d\u00e9tente en Morbihan.\"><\/div><div class=\"text\"><a href=\"https:\/\/www.lechurchill.com\/en\/chambres\/classic-room\/\" class=\"link\"><span>Classic<span>Room<\/span><\/span><\/a><a href=\"https:\/\/www.lechurchill.com\/en\/chambres\/classic-room\/\" class=\"button_link\"><\/a><\/div><\/div><div class=\"image_container\"><div class=\"image auto_center_image\"><img decoding=\"async\" class=\"\" src=\"https:\/\/www.lechurchill.com\/wp-content\/uploads\/2019\/03\/chambre-hotel-tv-grand-ecran-carnac-vue-mer.jpg\" alt=\"Chambre d\u2019h\u00f4tel avec t\u00e9l\u00e9vision grand \u00e9cran et vue sur mer \u00e0 l\u2019H\u00f4tel Le Churchill \u00e0 Carnac, pour un confort optimal en Morbihan.\"><\/div><div class=\"text\"><a href=\"https:\/\/www.lechurchill.com\/en\/chambres\/privilege-room\/\" class=\"link\"><span>Privilege<span>Room<\/span><\/span><\/a><a href=\"https:\/\/www.lechurchill.com\/en\/chambres\/privilege-room\/\" class=\"button_link\"><\/a><\/div><\/div><div class=\"image_container\"><div class=\"image auto_center_image\"><img decoding=\"async\" class=\"\" src=\"https:\/\/www.lechurchill.com\/wp-content\/uploads\/2019\/03\/chambre-hotel-luxe-carnac-vue-mer-accessible-pmr.jpg\" alt=\"Chambre luxe accessible PMR \u00e0 l\u2019H\u00f4tel Le Churchill \u00e0 Carnac, avec vue sur mer et \u00e9quipements adapt\u00e9s pour un confort optimal en Morbiha\"><\/div><div class=\"text\"><a href=\"https:\/\/www.lechurchill.com\/en\/chambres\/hotel-luxury-carnac\/\" class=\"link\"><span>Prestige<span>room<\/span><\/span><\/a><a href=\"https:\/\/www.lechurchill.com\/en\/chambres\/hotel-luxury-carnac\/\" class=\"button_link\"><\/a><\/div><\/div><div class=\"image_container\"><div class=\"image auto_center_image\"><img decoding=\"async\" class=\"\" src=\"https:\/\/www.lechurchill.com\/wp-content\/uploads\/2019\/03\/chambre-hotel-familiale-carnac-vue-mer-3.jpg\" alt=\"Chambre familiale \u00e0 l\u2019H\u00f4tel Le Churchill \u00e0 Carnac\"><\/div><div class=\"text\"><a href=\"https:\/\/www.lechurchill.com\/en\/chambres\/family-room\/\" class=\"link\"><span>Family<span>room<\/span><\/span><\/a><a href=\"https:\/\/www.lechurchill.com\/en\/chambres\/family-room\/\" class=\"button_link\"><\/a><\/div><\/div><div class=\"image_container\"><div class=\"image auto_center_image\"><img decoding=\"async\" class=\"\" src=\"https:\/\/www.lechurchill.com\/wp-content\/uploads\/2019\/03\/appart1-1.jpg\" alt=\"Appart-h\u00f4tel \u00e0 Carnac pour 4-6 personnes, avec vue sur mer \u00e0 l\u2019H\u00f4tel Le Churchill, id\u00e9al pour un s\u00e9jour en famille en Morbihan.\"><\/div><div class=\"text\"><a href=\"https:\/\/www.lechurchill.com\/en\/chambres\/apart-hotel-4-6-persons-carnac\/\" class=\"link\"><span>4\/6<span>person apartment<\/span><\/span><\/a><a href=\"https:\/\/www.lechurchill.com\/en\/chambres\/apart-hotel-4-6-persons-carnac\/\" class=\"button_link\"><\/a><\/div><\/div><div class=\"image_container\"><div class=\"image auto_center_image\"><img decoding=\"async\" class=\"\" src=\"https:\/\/www.lechurchill.com\/wp-content\/uploads\/2019\/04\/chambre-hotel-personne-mobilite-reduite-pmr.jpg\" alt=\"\"><\/div><div class=\"text\"><a href=\"https:\/\/www.lechurchill.com\/en\/chambres\/person-mobility-reduced-pmr-carnac\/\" class=\"link\"><span>Reduced<span>mobility room<\/span><\/span><\/a><a href=\"https:\/\/www.lechurchill.com\/en\/chambres\/person-mobility-reduced-pmr-carnac\/\" class=\"button_link\"><\/a><\/div><\/div><\/div><\/div>[\/vc_column_text][vc_raw_html]JTNDY2VudGVyJTNFJTNDYSUyMGhyZWYlM0QlMjJodHRwcyUzQSUyRiUyRnd3dy5sZWNodXJjaGlsbC5jb20lMkZlbiUyRnJvb21zLWhvdGVsLXNlYS12aWV3LWNhcm5hYyUyRiUyMiUyMGNsYXNzJTNEJTIyYnRuLWNlbnRlciUyMiUzRUFsbCUyMG91ciUyMHJvb21zJTNDJTJGYSUzRSUzQyUyRmNlbnRlciUzRQ==[\/vc_raw_html][\/vc_column][\/vc_row]<\/p>\n","protected":false},"excerpt":{"rendered":"<p>[vc_section][vc_row full_width=&#8221;stretch_row_content_no_spaces&#8221;][vc_column][\/vc_column][\/vc_row][\/vc_section][vc_row el_class=&#8221;blk-resa-home&#8221;][vc_column][vc_raw_html el_class=&#8221;blk-resa&#8221;]JTNDcCUyMGNsYXNzJTNEJTIydGl0cmUtcmVzYSUyMiUzRURpcmVjdCUyMHJlc2VydmF0aW9ucyUzQyUyRnAlM0UlMEElM0NwJTIwY2xhc3MlM0QlMjJmb25kLXJlc2ElMjIlM0UlMEElM0NhJTIwaHJlZiUzRCUyMnRlbCUzQSUyQjMzJTIwJTI4MCUyOTIlMjA5NyUyMDUyJTIwNTAlMjAyMCUyMiUyMGNsYXNzJTNEJTIyYnRuLWJsYW5jJTIyJTNFMDIlMjZuYnNwJTNCOTclMjZuYnNwJTNCNTIlMjZuYnNwJTNCNTAlMjZuYnNwJTNCMjAlM0MlMkZhJTNFJTBBJTNDYSUyMGhyZWYlM0QlMjJodHRwcyUzQSUyRiUyRnNlY3VyZS5yZXNlcnZpdC5jb20lMkZmbyUyRmJvb2tpbmclMkYyJTJGMTMxNjcwJTJGZGF0ZXMlMjIlMjB0YXJnZXQlM0QlMjJfYmxhbmslMjIlMjBjbGFzcyUzRCUyMmJ0bi12aW9sZXQlMjIlMjB0aXRsZSUzRCUyMlIlQzMlQTlzZXJ2YXRpb24lMjBoJUMzJUI0dGVsJTIwQ2FybmFjJTIyJTNFUmVzZXJ2YXRpb25zJTNDJTJGYSUzRSUwQSUzQ2ltZyUyMGNsYXNzJTNEJTIybWVpbGxldXIlMjIlMjBhbHQlM0QlMjJNZWlsbGV1ciUyMHByaXglMjBnYXJhbnRpJTIyJTIwc3JjJTNEJTIyaHR0cHMlM0ElMkYlMkZ3d3cubGVjaHVyY2hpbGwuY29tJTJGd3AtY29udGVudCUyRnVwbG9hZHMlMkYyMDE5JTJGMDQlMkZwcml4LUVOLnBuZyUyMiUzRSUwQSUzQyUyRnAlM0U=[\/vc_raw_html][\/vc_column][\/vc_row][vc_row equal_height=&#8221;yes&#8221; el_class=&#8221;c txt-home&#8221;][vc_column width=&#8221;1\/3&#8243; css=&#8221;.vc_custom_1552557951849{background-image: url(https:\/\/www.lechurchill.com\/wp-content\/uploads\/2019\/03\/femme-sauna.jpg?id=78) !important;}&#8221; offset=&#8221;vc_hidden-xs&#8221; el_class=&#8221;img-home&#8221;][\/vc_column][vc_column width=&#8221;2\/3&#8243; css=&#8221;.vc_custom_1552558532216{padding-top: 80px !important;}&#8221; offset=&#8221;vc_col-lg-offset-1 vc_col-lg-6 vc_col-xs-12&#8243; el_class=&#8221;blk-txt&#8221;][vc_column_text] H\u00f4tel le Churchill swimming pool<span class=\"excerpt-hellip\"> [\u2026]<\/span><\/p>\n","protected":false},"author":1,"featured_media":0,"parent":0,"menu_order":0,"comment_status":"closed","ping_status":"closed","template":"","meta":{"_acf_changed":false,"_mi_skip_tracking":false,"footnotes":""},"acf":[],"yoast_head":"<!-- This site is optimized with the Yoast SEO plugin v19.8 - https:\/\/yoast.com\/wordpress\/plugins\/seo\/ -->\n<title>Carnac The Churchill Hotel - 4 star hotel has sea views Carnac in Morbihan 56 Bretagne Sud France<\/title>\n<meta name=\"description\" content=\"Welcome to the Churchill Hotel, the new reference 4 stars Carnac beach.\" \/>\n<meta name=\"robots\" content=\"index, follow, max-snippet:-1, max-image-preview:large, max-video-preview:-1\" \/>\n<link rel=\"canonical\" href=\"https:\/\/www.lechurchill.com\/en\/\" \/>\n<meta property=\"og:locale\" content=\"en_US\" \/>\n<meta property=\"og:type\" content=\"article\" \/>\n<meta property=\"og:title\" content=\"Carnac The Churchill Hotel - 4 star hotel has sea views Carnac in Morbihan 56 Bretagne Sud France\" \/>\n<meta property=\"og:description\" content=\"Welcome to the Churchill Hotel, the new reference 4 stars Carnac beach.\" \/>\n<meta property=\"og:url\" content=\"https:\/\/www.lechurchill.com\/en\/\" \/>\n<meta property=\"og:site_name\" content=\"H\u00f4tel Le Churchill\" \/>\n<meta property=\"article:modified_time\" content=\"2025-05-13T07:00:14+00:00\" \/>\n<meta name=\"twitter:card\" content=\"summary_large_image\" \/>\n<meta name=\"twitter:label1\" content=\"Est. reading time\" \/>\n\t<meta name=\"twitter:data1\" content=\"2 minutes\" \/>\n<script type=\"application\/ld+json\" class=\"yoast-schema-graph\">{\"@context\":\"https:\/\/schema.org\",\"@graph\":[{\"@type\":\"WebPage\",\"@id\":\"https:\/\/www.lechurchill.com\/en\/\",\"url\":\"https:\/\/www.lechurchill.com\/en\/\",\"name\":\"Carnac The Churchill Hotel - 4 star hotel has sea views Carnac in Morbihan 56 Bretagne Sud France\",\"isPartOf\":{\"@id\":\"https:\/\/www.lechurchill.com\/#website\"},\"datePublished\":\"2019-04-29T15:20:45+00:00\",\"dateModified\":\"2025-05-13T07:00:14+00:00\",\"description\":\"Welcome to the Churchill Hotel, the new reference 4 stars Carnac beach.\",\"breadcrumb\":{\"@id\":\"https:\/\/www.lechurchill.com\/en\/#breadcrumb\"},\"inLanguage\":\"en-US\",\"potentialAction\":[{\"@type\":\"ReadAction\",\"target\":[\"https:\/\/www.lechurchill.com\/en\/\"]}]},{\"@type\":\"BreadcrumbList\",\"@id\":\"https:\/\/www.lechurchill.com\/en\/#breadcrumb\",\"itemListElement\":[{\"@type\":\"ListItem\",\"position\":1,\"name\":\"Accueil\",\"item\":\"https:\/\/www.lechurchill.com\/en\/\"},{\"@type\":\"ListItem\",\"position\":2,\"name\":\"Home\"}]},{\"@type\":\"WebSite\",\"@id\":\"https:\/\/www.lechurchill.com\/#website\",\"url\":\"https:\/\/www.lechurchill.com\/\",\"name\":\"H\u00f4tel Le Churchill\",\"description\":\"Vue mer, face \u00e0 la grande plage de Carnac\",\"potentialAction\":[{\"@type\":\"SearchAction\",\"target\":{\"@type\":\"EntryPoint\",\"urlTemplate\":\"https:\/\/www.lechurchill.com\/?s={search_term_string}\"},\"query-input\":\"required name=search_term_string\"}],\"inLanguage\":\"en-US\"}]}<\/script>\n<!-- \/ Yoast SEO plugin. -->","yoast_head_json":{"title":"Carnac The Churchill Hotel - 4 star hotel has sea views Carnac in Morbihan 56 Bretagne Sud France","description":"Welcome to the Churchill Hotel, the new reference 4 stars Carnac beach.","robots":{"index":"index","follow":"follow","max-snippet":"max-snippet:-1","max-image-preview":"max-image-preview:large","max-video-preview":"max-video-preview:-1"},"canonical":"https:\/\/www.lechurchill.com\/en\/","og_locale":"en_US","og_type":"article","og_title":"Carnac The Churchill Hotel - 4 star hotel has sea views Carnac in Morbihan 56 Bretagne Sud France","og_description":"Welcome to the Churchill Hotel, the new reference 4 stars Carnac beach.","og_url":"https:\/\/www.lechurchill.com\/en\/","og_site_name":"H\u00f4tel Le Churchill","article_modified_time":"2025-05-13T07:00:14+00:00","twitter_card":"summary_large_image","twitter_misc":{"Est. reading time":"2 minutes"},"schema":{"@context":"https:\/\/schema.org","@graph":[{"@type":"WebPage","@id":"https:\/\/www.lechurchill.com\/en\/","url":"https:\/\/www.lechurchill.com\/en\/","name":"Carnac The Churchill Hotel - 4 star hotel has sea views Carnac in Morbihan 56 Bretagne Sud France","isPartOf":{"@id":"https:\/\/www.lechurchill.com\/#website"},"datePublished":"2019-04-29T15:20:45+00:00","dateModified":"2025-05-13T07:00:14+00:00","description":"Welcome to the Churchill Hotel, the new reference 4 stars Carnac beach.","breadcrumb":{"@id":"https:\/\/www.lechurchill.com\/en\/#breadcrumb"},"inLanguage":"en-US","potentialAction":[{"@type":"ReadAction","target":["https:\/\/www.lechurchill.com\/en\/"]}]},{"@type":"BreadcrumbList","@id":"https:\/\/www.lechurchill.com\/en\/#breadcrumb","itemListElement":[{"@type":"ListItem","position":1,"name":"Accueil","item":"https:\/\/www.lechurchill.com\/en\/"},{"@type":"ListItem","position":2,"name":"Home"}]},{"@type":"WebSite","@id":"https:\/\/www.lechurchill.com\/#website","url":"https:\/\/www.lechurchill.com\/","name":"H\u00f4tel Le Churchill","description":"Vue mer, face \u00e0 la grande plage de Carnac","potentialAction":[{"@type":"SearchAction","target":{"@type":"EntryPoint","urlTemplate":"https:\/\/www.lechurchill.com\/?s={search_term_string}"},"query-input":"required name=search_term_string"}],"inLanguage":"en-US"}]}},"_links":{"self":[{"href":"https:\/\/www.lechurchill.com\/en\/wp-json\/wp\/v2\/pages\/519"}],"collection":[{"href":"https:\/\/www.lechurchill.com\/en\/wp-json\/wp\/v2\/pages"}],"about":[{"href":"https:\/\/www.lechurchill.com\/en\/wp-json\/wp\/v2\/types\/page"}],"author":[{"embeddable":true,"href":"https:\/\/www.lechurchill.com\/en\/wp-json\/wp\/v2\/users\/1"}],"replies":[{"embeddable":true,"href":"https:\/\/www.lechurchill.com\/en\/wp-json\/wp\/v2\/comments?post=519"}],"version-history":[{"count":7,"href":"https:\/\/www.lechurchill.com\/en\/wp-json\/wp\/v2\/pages\/519\/revisions"}],"predecessor-version":[{"id":9496,"href":"https:\/\/www.lechurchill.com\/en\/wp-json\/wp\/v2\/pages\/519\/revisions\/9496"}],"wp:attachment":[{"href":"https:\/\/www.lechurchill.com\/en\/wp-json\/wp\/v2\/media?parent=519"}],"curies":[{"name":"wp","href":"https:\/\/api.w.org\/{rel}","templated":true}]}}