{"id":663,"date":"2019-04-24T09:32:43","date_gmt":"2019-04-24T07:32:43","guid":{"rendered":"https:\/\/www.lechurchill.com\/mentions-legales\/"},"modified":"2019-05-02T17:27:55","modified_gmt":"2019-05-02T15:27:55","slug":"rechtliche-hinweise","status":"publish","type":"page","link":"https:\/\/www.lechurchill.com\/de\/rechtliche-hinweise\/","title":{"rendered":"Rechtliche Hinweise"},"content":{"rendered":"<p>[vc_row full_width=&#8220;stretch_row&#8220; css=&#8220;.vc_custom_1555682854788{background-image: url(https:\/\/www.lechurchill.com\/wp-content\/uploads\/2019\/02\/slide2.jpg?id=30) !important;}&#8220; el_class=&#8220;titre-list-chambres&#8220;][vc_column][vc_column_text]<\/p>\n<h1 style=\"text-align: center;\">Rechtliche Hinweise<\/h1>\n<p>[\/vc_column_text][\/vc_column][\/vc_row][vc_row full_width=&#8220;stretch_row&#8220; el_class=&#8220;bg-fleur&#8220;][vc_column][vc_column_text]<\/p>\n<h2>Herausgeber der Website<\/h2>\n<p>Der Churchill<br \/>\nSAS mit einem Kapital von 1500 Euro<br \/>\nHauptsitz:<br \/>\nADRESSE:<br \/>\n70 Boulevard des Strandes<br \/>\n56340 CARNAC<br \/>\nTelefon: 02 97 52 50 20<br \/>\nSirene: 790 785 141<br \/>\nSIRET: 79078514100017<br \/>\nUmsatzsteuer-Identifikationsnummer: FR51790785141<br \/>\nNAF-Code: Hotels, Gasth\u00f6fe und Pensionen (5510Z)<\/p>\n<h2>Erstellung, Hosting und Referenzierung der Website<\/h2>\n<p>Interaktive ID &#8211; <a href=\"https:\/\/www.id-interactive.fr\/\"> Webagentur Morbihan Bretagne <\/a><br \/>\nID Interactive SAS mit einem Kapital von 23.000 Euro<br \/>\nSIRET: 490 491 594 00019<br \/>\nAPE-CODE: 6201Z<br \/>\nVAT IC: FR23490491594<br \/>\nHauptsitz:<br \/>\nPENNSYLVANIA. von Doaren Molac<br \/>\n56 610 Arradon &#8211; Morbihan<br \/>\nTelefon: 02 97 69 07 43<br \/>\nFax: +33 (0) 2 97 47 64 31<br \/>\nE-Mail: contact@id-interactive.fr<br \/>\nWebsite: https:\/\/www.id-interactive.fr<\/p>\n<h2>Gutschriften<\/h2>\n<p>Content Management Tool: CMS: WordPress<br \/>\nRedaktionsleiter: Der Churchill<br \/>\nVerwendete Technologien: HTML \/ CSS \/ Javascript \/ PHP \/ MySQL<br \/>\nF\u00fcr die folgenden Browser optimierte Website: Chrome, Firefox, Internet Explorer 10 &amp; amp; 11 und Safari.<br \/>\nDesign und Umsetzung der Website: ID Interactive<br \/>\nHosting: ID Interactive SAS<\/p>\n<h2>Eigentum und Reproduktion<\/h2>\n<p>Die allgemeine Struktur sowie die Software, Texte, animierte oder korrigierte Bilder, Sounds, Know-how, Zeichnungen, Grafiken und alle anderen Elemente, aus denen sich diese Website zusammensetzt, sind diejenigen, die nicht Le Churchill enthalten. Jede vollst\u00e4ndige oder teilweise Reproduktion dieser Website durch Jesus-Do-One-Earth ohne ausdr\u00fcckliche Genehmigung von Churchill ist verboten und stellt eine F\u00e4lschung dar, die durch Artikel L335-2 und folgende des Code of the Intellectual Property sanktioniert wird. Die Hypertext-Links wurden im Zusammenhang mit dieser Website in Richtung anderer Ressourcen im Internet gesetzt, sie k\u00f6nnen nicht die Verantwortung von Le Churchill \u00fcbernehmen.<\/p>\n<h2>Datenschutzbestimmungen<\/h2>\n<p>Die Datenschutz- und Datenschutzrichtlinie ist auf dieser Seite verf\u00fcgbar: <a href=\"https:\/\/www.lechurchill.com\/data-personnelles\/\"> Personenbezogene Daten <\/a><\/p>\n<h2>Statistiken<\/h2>\n<p>Wir messen die Anzahl der Besuche, die Anzahl der Seitenaufrufe sowie die Besucher der Website und deren R\u00fcckkehrh\u00e4ufigkeit.<br \/>\nGoogle Analytics, das Analysetool, das von Interactive ID verwendet wird, ein Cookie mit einer eindeutigen Kennung. Weitere Informationen zu den Datenschutzbestimmungen von Google Analytics erhalten Sie <a href=\"https:\/\/www.google.com\/intl\/de\/policies\/privacy\/\"> diesem Link <\/a>.<br \/>\nDie Google Analytics-Funktionen f\u00fcr Werbetreibende werden f\u00fcr die Website angezeigt (Remarketing). Google verwendet Cookies, um unsere Anzeigen auf den Websites seines Display-Netzwerks zu schalten. Dank des DoubleClick-Cookies passt Google die an die Nutzer gelieferten Anzeigen basierend auf ihrer Navigation auf unserer Website an.<br \/>\n<a href=\"https:\/\/www.google.com\/settings\/u\/0\/ads\/authenticated\"> Anzeigenvorgaben-Manager <\/a><br \/>\nDer Churchill erlaubt die Einrichtung eines Hypertext-Links zu seinem Inhalt unter Beachtung der folgenden Grunds\u00e4tze:<\/p>\n<ul>\n<li>Der Link zur Churchill-Site kann durch \u00d6ffnen eines neuen Fensters aufgerufen werden.<\/li>\n<li>Der Link wird wie folgt dargestellt: www.lechurchill.com oder The Churchill.<\/li>\n<li>Diese Erm\u00e4chtigung schlie\u00dft die Verwendung des Churchill-Logos aus.<\/li>\n<\/ul>\n<h2>Anwendbares Recht<\/h2>\n<p>Die Nutzung dieser Website unterliegt franz\u00f6sischem Recht.[\/vc_column_text][\/vc_column][\/vc_row]<\/p>\n","protected":false},"excerpt":{"rendered":"<p>[vc_row full_width=&#8220;stretch_row&#8220; css=&#8220;.vc_custom_1555682854788{background-image: url(https:\/\/www.lechurchill.com\/wp-content\/uploads\/2019\/02\/slide2.jpg?id=30) !important;}&#8220; el_class=&#8220;titre-list-chambres&#8220;][vc_column][vc_column_text] Rechtliche Hinweise [\/vc_column_text][\/vc_column][\/vc_row][vc_row full_width=&#8220;stretch_row&#8220; el_class=&#8220;bg-fleur&#8220;][vc_column][vc_column_text] Herausgeber der Website Der Churchill SAS mit einem Kapital von 1500 Euro Hauptsitz: ADRESSE: 70<span class=\"excerpt-hellip\"> [\u2026]<\/span><\/p>\n","protected":false},"author":1,"featured_media":408,"parent":0,"menu_order":0,"comment_status":"closed","ping_status":"open","template":"","meta":{"_acf_changed":false,"_mi_skip_tracking":false,"footnotes":""},"acf":[],"yoast_head":"<!-- This site is optimized with the Yoast SEO plugin v19.8 - https:\/\/yoast.com\/wordpress\/plugins\/seo\/ -->\n<title>Rechtliche Hinweise - H\u00f4tel Le Churchill<\/title>\n<meta name=\"robots\" content=\"noindex, follow\" \/>\n<meta property=\"og:locale\" content=\"de_DE\" \/>\n<meta property=\"og:type\" content=\"article\" \/>\n<meta property=\"og:title\" content=\"Rechtliche Hinweise - H\u00f4tel Le Churchill\" \/>\n<meta property=\"og:description\" content=\"[vc_row full_width=&#8220;stretch_row&#8220; css=&#8220;.vc_custom_1555682854788{background-image: url(https:\/\/www.lechurchill.com\/wp-content\/uploads\/2019\/02\/slide2.jpg?id=30) !important;}&#8220; el_class=&#8220;titre-list-chambres&#8220;][vc_column][vc_column_text] Rechtliche Hinweise [\/vc_column_text][\/vc_column][\/vc_row][vc_row full_width=&#8220;stretch_row&#8220; el_class=&#8220;bg-fleur&#8220;][vc_column][vc_column_text] Herausgeber der Website Der Churchill SAS mit einem Kapital von 1500 Euro Hauptsitz: ADRESSE: 70 [\u2026]\" \/>\n<meta property=\"og:url\" content=\"https:\/\/www.lechurchill.com\/de\/rechtliche-hinweise\/\" \/>\n<meta property=\"og:site_name\" content=\"H\u00f4tel Le Churchill\" \/>\n<meta property=\"article:modified_time\" content=\"2019-05-02T15:27:55+00:00\" \/>\n<meta property=\"og:image\" content=\"https:\/\/www.lechurchill.com\/wp-content\/uploads\/2019\/04\/hotel-1.jpg\" \/>\n\t<meta property=\"og:image:width\" content=\"1920\" \/>\n\t<meta property=\"og:image:height\" content=\"1080\" \/>\n\t<meta property=\"og:image:type\" content=\"image\/jpeg\" \/>\n<meta name=\"twitter:card\" content=\"summary_large_image\" \/>\n<meta name=\"twitter:label1\" content=\"Gesch\u00e4tzte Lesezeit\" \/>\n\t<meta name=\"twitter:data1\" content=\"2\u00a0Minuten\" \/>\n<script type=\"application\/ld+json\" class=\"yoast-schema-graph\">{\"@context\":\"https:\/\/schema.org\",\"@graph\":[{\"@type\":\"WebPage\",\"@id\":\"https:\/\/www.lechurchill.com\/de\/rechtliche-hinweise\/\",\"url\":\"https:\/\/www.lechurchill.com\/de\/rechtliche-hinweise\/\",\"name\":\"Rechtliche Hinweise - H\u00f4tel Le Churchill\",\"isPartOf\":{\"@id\":\"https:\/\/www.lechurchill.com\/#website\"},\"datePublished\":\"2019-04-24T07:32:43+00:00\",\"dateModified\":\"2019-05-02T15:27:55+00:00\",\"breadcrumb\":{\"@id\":\"https:\/\/www.lechurchill.com\/de\/rechtliche-hinweise\/#breadcrumb\"},\"inLanguage\":\"de\",\"potentialAction\":[{\"@type\":\"ReadAction\",\"target\":[\"https:\/\/www.lechurchill.com\/de\/rechtliche-hinweise\/\"]}]},{\"@type\":\"BreadcrumbList\",\"@id\":\"https:\/\/www.lechurchill.com\/de\/rechtliche-hinweise\/#breadcrumb\",\"itemListElement\":[{\"@type\":\"ListItem\",\"position\":1,\"name\":\"Accueil\",\"item\":\"https:\/\/www.lechurchill.com\/de\/\"},{\"@type\":\"ListItem\",\"position\":2,\"name\":\"Rechtliche Hinweise\"}]},{\"@type\":\"WebSite\",\"@id\":\"https:\/\/www.lechurchill.com\/#website\",\"url\":\"https:\/\/www.lechurchill.com\/\",\"name\":\"H\u00f4tel Le Churchill\",\"description\":\"Vue mer, face \u00e0 la grande plage de Carnac\",\"potentialAction\":[{\"@type\":\"SearchAction\",\"target\":{\"@type\":\"EntryPoint\",\"urlTemplate\":\"https:\/\/www.lechurchill.com\/?s={search_term_string}\"},\"query-input\":\"required name=search_term_string\"}],\"inLanguage\":\"de\"}]}<\/script>\n<!-- \/ Yoast SEO plugin. -->","yoast_head_json":{"title":"Rechtliche Hinweise - H\u00f4tel Le Churchill","robots":{"index":"noindex","follow":"follow"},"og_locale":"de_DE","og_type":"article","og_title":"Rechtliche Hinweise - H\u00f4tel Le Churchill","og_description":"[vc_row full_width=&#8220;stretch_row&#8220; css=&#8220;.vc_custom_1555682854788{background-image: url(https:\/\/www.lechurchill.com\/wp-content\/uploads\/2019\/02\/slide2.jpg?id=30) !important;}&#8220; el_class=&#8220;titre-list-chambres&#8220;][vc_column][vc_column_text] Rechtliche Hinweise [\/vc_column_text][\/vc_column][\/vc_row][vc_row full_width=&#8220;stretch_row&#8220; el_class=&#8220;bg-fleur&#8220;][vc_column][vc_column_text] Herausgeber der Website Der Churchill SAS mit einem Kapital von 1500 Euro Hauptsitz: ADRESSE: 70 [\u2026]","og_url":"https:\/\/www.lechurchill.com\/de\/rechtliche-hinweise\/","og_site_name":"H\u00f4tel Le Churchill","article_modified_time":"2019-05-02T15:27:55+00:00","og_image":[{"width":1920,"height":1080,"url":"https:\/\/www.lechurchill.com\/wp-content\/uploads\/2019\/04\/hotel-1.jpg","type":"image\/jpeg"}],"twitter_card":"summary_large_image","twitter_misc":{"Gesch\u00e4tzte Lesezeit":"2\u00a0Minuten"},"schema":{"@context":"https:\/\/schema.org","@graph":[{"@type":"WebPage","@id":"https:\/\/www.lechurchill.com\/de\/rechtliche-hinweise\/","url":"https:\/\/www.lechurchill.com\/de\/rechtliche-hinweise\/","name":"Rechtliche Hinweise - H\u00f4tel Le Churchill","isPartOf":{"@id":"https:\/\/www.lechurchill.com\/#website"},"datePublished":"2019-04-24T07:32:43+00:00","dateModified":"2019-05-02T15:27:55+00:00","breadcrumb":{"@id":"https:\/\/www.lechurchill.com\/de\/rechtliche-hinweise\/#breadcrumb"},"inLanguage":"de","potentialAction":[{"@type":"ReadAction","target":["https:\/\/www.lechurchill.com\/de\/rechtliche-hinweise\/"]}]},{"@type":"BreadcrumbList","@id":"https:\/\/www.lechurchill.com\/de\/rechtliche-hinweise\/#breadcrumb","itemListElement":[{"@type":"ListItem","position":1,"name":"Accueil","item":"https:\/\/www.lechurchill.com\/de\/"},{"@type":"ListItem","position":2,"name":"Rechtliche Hinweise"}]},{"@type":"WebSite","@id":"https:\/\/www.lechurchill.com\/#website","url":"https:\/\/www.lechurchill.com\/","name":"H\u00f4tel Le Churchill","description":"Vue mer, face \u00e0 la grande plage de Carnac","potentialAction":[{"@type":"SearchAction","target":{"@type":"EntryPoint","urlTemplate":"https:\/\/www.lechurchill.com\/?s={search_term_string}"},"query-input":"required name=search_term_string"}],"inLanguage":"de"}]}},"_links":{"self":[{"href":"https:\/\/www.lechurchill.com\/de\/wp-json\/wp\/v2\/pages\/663"}],"collection":[{"href":"https:\/\/www.lechurchill.com\/de\/wp-json\/wp\/v2\/pages"}],"about":[{"href":"https:\/\/www.lechurchill.com\/de\/wp-json\/wp\/v2\/types\/page"}],"author":[{"embeddable":true,"href":"https:\/\/www.lechurchill.com\/de\/wp-json\/wp\/v2\/users\/1"}],"replies":[{"embeddable":true,"href":"https:\/\/www.lechurchill.com\/de\/wp-json\/wp\/v2\/comments?post=663"}],"version-history":[{"count":3,"href":"https:\/\/www.lechurchill.com\/de\/wp-json\/wp\/v2\/pages\/663\/revisions"}],"predecessor-version":[{"id":672,"href":"https:\/\/www.lechurchill.com\/de\/wp-json\/wp\/v2\/pages\/663\/revisions\/672"}],"wp:featuredmedia":[{"embeddable":true,"href":"https:\/\/www.lechurchill.com\/de\/wp-json\/wp\/v2\/media\/408"}],"wp:attachment":[{"href":"https:\/\/www.lechurchill.com\/de\/wp-json\/wp\/v2\/media?parent=663"}],"curies":[{"name":"wp","href":"https:\/\/api.w.org\/{rel}","templated":true}]}}