{"id":615,"date":"2019-03-18T17:16:42","date_gmt":"2019-03-18T16:16:42","guid":{"rendered":"https:\/\/www.lechurchill.com\/hotel-piscine-spa-carnac\/"},"modified":"2022-06-01T15:42:42","modified_gmt":"2022-06-01T13:42:42","slug":"swimmingpool-und-whirlpool","status":"publish","type":"page","link":"https:\/\/www.lechurchill.com\/de\/swimmingpool-und-whirlpool\/","title":{"rendered":"Swimmingpool und Whirlpool"},"content":{"rendered":"<p>[vc_row full_width=&#8220;stretch_row_content_no_spaces&#8220;][vc_column]<div class=\"idaddons_slider_block \"><ul class=\"idaddons_slider  full_height\" styles=\"\" data-transition-type=fade data-duration=6000 data-transition-duration=800 data-autoplay=oui data-slides-to-show=1 data-slides-to-scroll=1 data-infinite=oui data-dots=non data-arrows=non><span class=\"transparent_mask\" style=\"background-color: rgba(0, 0, 0, 0)\"><\/span><li><div class=\"auto_center_image\"><img data-lazy=\"https:\/\/www.lechurchill.com\/wp-content\/uploads\/2022\/06\/hotel-piscine-chauffee-carnac-1.jpg\" alt=\"Piscine chauff\u00e9e \u00e0 l\u2019H\u00f4tel Le Churchill \u00e0 Carnac\"><\/div><\/li><li><div class=\"auto_center_image\"><img data-lazy=\"https:\/\/www.lechurchill.com\/wp-content\/uploads\/2022\/06\/hotel-piscine-chauffee-carnac-2.jpg\" alt=\"Piscine chauff\u00e9e \u00e0 l\u2019H\u00f4tel Le Churchill \u00e0 Carnac, un cadre id\u00e9al pour la d\u00e9tente en Morbihan.\"><\/div><\/li><li><div class=\"auto_center_image\"><img data-lazy=\"https:\/\/www.lechurchill.com\/wp-content\/uploads\/2022\/01\/jacuzzi.jpg\" alt=\"Bain massant \u00e0 l\u2019H\u00f4tel Le Churchill \u00e0 Carnac, pour un moment de relaxation ultime en Morbihan.\"><\/div><\/li><\/ul><div class='ida_slider_content'>\n\t\t\t\t<div class='ida_slider_title'><p>Swimmingpool und Whirlpool<\/p><\/div>\n\t\t\t\t<div class='ida_slider_description'>Erholung und frische Luft<\/div>\n\t\t\t\t\n\t\t\t<\/div><\/div>[\/vc_column][\/vc_row][vc_row equal_height=&#8220;yes&#8220; el_class=&#8220;c txt-home&#8220;][vc_column width=&#8220;1\/3&#8243; el_class=&#8220;img-left-page&#8220; css=&#8220;.vc_custom_1554106614850{background-image: url(https:\/\/www.lechurchill.com\/wp-content\/uploads\/2019\/03\/sauna.jpg?id=219) !important;}&#8220; offset=&#8220;vc_hidden-xs&#8220;][\/vc_column][vc_column width=&#8220;2\/3&#8243; css=&#8220;.vc_custom_1551888603014{padding-top: 80px !important;padding-bottom: 270px !important;}&#8220; offset=&#8220;vc_col-lg-offset-1 vc_col-lg-6&#8243;][vc_column_text]<\/p>\n<h1>Ihr Hotel in Carnac<br \/>\n<em>Gegen\u00fcber vom Meer, direkt am Strand<\/em><\/h1>\n<p>Gegen\u00fcber vom Meer, direkt am Strand und im Rahmen des Churchill-Hotels entdeckt man fortan eine Oase, einen magischen Ort, der ausschlie\u00dflich Ihrer Erholung dient.<\/p>\n<p>Dort steht Ihnen w\u00e4hrend Ihres Aufenthalts geschultes Fachpersonal zur Verf\u00fcgung, das f\u00fcr einen tollen Komfort sorgt.<\/p>\n<p>Nach Terminabsprache besteht die M\u00f6glichkeit einer Wohlf\u00fchlmassage.<\/p>\n<p>Der beheizte Au\u00dfenpool ist je nach Wetterbedingungen von April bis zum 15. Oktober ge\u00f6ffnet.<\/p>\n<p>Fahrradverleih ist von April bis Oktober m\u00f6glich.<\/p>\n<p>Die Hotelbar ist ein geselliger Ort. Das kontinentale Fr\u00fchst\u00fcck wird Ihnen jeden Tag serviert.<\/p>\n<p>Unter dem Glasdach oder auf der Terrasse und in Form eines Buffets mit S\u00fc\u00dfem und Deftigem zu einem Preis von EUR 16.00 pro Person.<\/p>\n<ul>\n<li>Wellnessbereich<\/li>\n<li>Dampfbad<\/li>\n<li>Beheizter Pool f\u00fcr eine ideale Wassertemperatur<\/li>\n<li>Sauna<\/li>\n<li>Massage (Termin nach Vereinbarung)<\/li>\n<\/ul>\n<p>[\/vc_column_text][vc_column_text]<\/p>\n<div style=\"padding: 56.34% 0 0 0; position: relative;\"><iframe style=\"position: absolute; top: 0; left: 0; width: 100%; height: 100%;\" title=\"VID_20211218_091223 (2)\" src=\"https:\/\/player.vimeo.com\/video\/671951352?h=806f6605ff&amp;badge=0&amp;autopause=0&amp;player_id=0&amp;app_id=58479\" frameborder=\"0\" allowfullscreen=\"allowfullscreen\"><\/iframe><\/div>\n<p><script src=\"https:\/\/player.vimeo.com\/api\/player.js\"><\/script>[\/vc_column_text][idaddons_visual_composer_html_3 key_fix=&#8220;3&#8243;][\/vc_column][\/vc_row][vc_row el_class=&#8220;zindex&#8220;][vc_column width=&#8220;1\/4&#8243;][\/vc_column][vc_column width=&#8220;3\/4&#8243;][vc_single_image image=&#8220;3612&#8243; img_size=&#8220;full&#8220; css=&#8220;.vc_custom_1654090270718{margin-bottom: 0px !important;border-bottom-width: 0px !important;padding-bottom: 0px !important;}&#8220;][\/vc_column][\/vc_row]<\/p>\n","protected":false},"excerpt":{"rendered":"<p>[vc_row full_width=&#8220;stretch_row_content_no_spaces&#8220;][vc_column][\/vc_column][\/vc_row][vc_row equal_height=&#8220;yes&#8220; el_class=&#8220;c txt-home&#8220;][vc_column width=&#8220;1\/3&#8243; el_class=&#8220;img-left-page&#8220; css=&#8220;.vc_custom_1554106614850{background-image: url(https:\/\/www.lechurchill.com\/wp-content\/uploads\/2019\/03\/sauna.jpg?id=219) !important;}&#8220; offset=&#8220;vc_hidden-xs&#8220;][\/vc_column][vc_column width=&#8220;2\/3&#8243; css=&#8220;.vc_custom_1551888603014{padding-top: 80px !important;padding-bottom: 270px !important;}&#8220; offset=&#8220;vc_col-lg-offset-1 vc_col-lg-6&#8243;][vc_column_text] Ihr Hotel in Carnac Gegen\u00fcber vom Meer,<span class=\"excerpt-hellip\"> [\u2026]<\/span><\/p>\n","protected":false},"author":1,"featured_media":0,"parent":0,"menu_order":0,"comment_status":"closed","ping_status":"closed","template":"","meta":{"_acf_changed":false,"_mi_skip_tracking":false,"footnotes":""},"acf":[],"yoast_head":"<!-- This site is optimized with the Yoast SEO plugin v19.8 - https:\/\/yoast.com\/wordpress\/plugins\/seo\/ -->\n<title>Hotel mit beheiztem Pool, Spa, Hammam, Sauna in Carnac<\/title>\n<meta name=\"description\" content=\"Hotel mit beheiztem Pool und Spa in Carnac. BESTPREIS GARANTIERT auf der offiziellen Website des Hotel Le Churchill. Buchen Sie jetzt Ihren Aufenthalt in unserem 4-Sterne-Hotel. Buchen Sie jetzt Ihren Aufenthalt in unserem 4-Sterne-Hotel.\" \/>\n<meta name=\"robots\" content=\"index, follow, max-snippet:-1, max-image-preview:large, max-video-preview:-1\" \/>\n<link rel=\"canonical\" href=\"https:\/\/www.lechurchill.com\/de\/swimmingpool-und-whirlpool\/\" \/>\n<meta property=\"og:locale\" content=\"de_DE\" \/>\n<meta property=\"og:type\" content=\"article\" \/>\n<meta property=\"og:title\" content=\"Hotel mit beheiztem Pool, Spa, Hammam, Sauna in Carnac\" \/>\n<meta property=\"og:description\" content=\"Hotel mit beheiztem Pool und Spa in Carnac. BESTPREIS GARANTIERT auf der offiziellen Website des Hotel Le Churchill. Buchen Sie jetzt Ihren Aufenthalt in unserem 4-Sterne-Hotel. Buchen Sie jetzt Ihren Aufenthalt in unserem 4-Sterne-Hotel.\" \/>\n<meta property=\"og:url\" content=\"https:\/\/www.lechurchill.com\/de\/swimmingpool-und-whirlpool\/\" \/>\n<meta property=\"og:site_name\" content=\"H\u00f4tel Le Churchill\" \/>\n<meta property=\"article:modified_time\" content=\"2022-06-01T13:42:42+00:00\" \/>\n<meta name=\"twitter:card\" content=\"summary_large_image\" \/>\n<meta name=\"twitter:label1\" content=\"Gesch\u00e4tzte Lesezeit\" \/>\n\t<meta name=\"twitter:data1\" content=\"1\u00a0Minute\" \/>\n<script type=\"application\/ld+json\" class=\"yoast-schema-graph\">{\"@context\":\"https:\/\/schema.org\",\"@graph\":[{\"@type\":\"WebPage\",\"@id\":\"https:\/\/www.lechurchill.com\/de\/swimmingpool-und-whirlpool\/\",\"url\":\"https:\/\/www.lechurchill.com\/de\/swimmingpool-und-whirlpool\/\",\"name\":\"Hotel mit beheiztem Pool, Spa, Hammam, Sauna in Carnac\",\"isPartOf\":{\"@id\":\"https:\/\/www.lechurchill.com\/#website\"},\"datePublished\":\"2019-03-18T16:16:42+00:00\",\"dateModified\":\"2022-06-01T13:42:42+00:00\",\"description\":\"Hotel mit beheiztem Pool und Spa in Carnac. BESTPREIS GARANTIERT auf der offiziellen Website des Hotel Le Churchill. Buchen Sie jetzt Ihren Aufenthalt in unserem 4-Sterne-Hotel. Buchen Sie jetzt Ihren Aufenthalt in unserem 4-Sterne-Hotel.\",\"breadcrumb\":{\"@id\":\"https:\/\/www.lechurchill.com\/de\/swimmingpool-und-whirlpool\/#breadcrumb\"},\"inLanguage\":\"de\",\"potentialAction\":[{\"@type\":\"ReadAction\",\"target\":[\"https:\/\/www.lechurchill.com\/de\/swimmingpool-und-whirlpool\/\"]}]},{\"@type\":\"BreadcrumbList\",\"@id\":\"https:\/\/www.lechurchill.com\/de\/swimmingpool-und-whirlpool\/#breadcrumb\",\"itemListElement\":[{\"@type\":\"ListItem\",\"position\":1,\"name\":\"Accueil\",\"item\":\"https:\/\/www.lechurchill.com\/de\/\"},{\"@type\":\"ListItem\",\"position\":2,\"name\":\"Swimmingpool und Whirlpool\"}]},{\"@type\":\"WebSite\",\"@id\":\"https:\/\/www.lechurchill.com\/#website\",\"url\":\"https:\/\/www.lechurchill.com\/\",\"name\":\"H\u00f4tel Le Churchill\",\"description\":\"Vue mer, face \u00e0 la grande plage de Carnac\",\"potentialAction\":[{\"@type\":\"SearchAction\",\"target\":{\"@type\":\"EntryPoint\",\"urlTemplate\":\"https:\/\/www.lechurchill.com\/?s={search_term_string}\"},\"query-input\":\"required name=search_term_string\"}],\"inLanguage\":\"de\"}]}<\/script>\n<!-- \/ Yoast SEO plugin. -->","yoast_head_json":{"title":"Hotel mit beheiztem Pool, Spa, Hammam, Sauna in Carnac","description":"Hotel mit beheiztem Pool und Spa in Carnac. BESTPREIS GARANTIERT auf der offiziellen Website des Hotel Le Churchill. Buchen Sie jetzt Ihren Aufenthalt in unserem 4-Sterne-Hotel. Buchen Sie jetzt Ihren Aufenthalt in unserem 4-Sterne-Hotel.","robots":{"index":"index","follow":"follow","max-snippet":"max-snippet:-1","max-image-preview":"max-image-preview:large","max-video-preview":"max-video-preview:-1"},"canonical":"https:\/\/www.lechurchill.com\/de\/swimmingpool-und-whirlpool\/","og_locale":"de_DE","og_type":"article","og_title":"Hotel mit beheiztem Pool, Spa, Hammam, Sauna in Carnac","og_description":"Hotel mit beheiztem Pool und Spa in Carnac. BESTPREIS GARANTIERT auf der offiziellen Website des Hotel Le Churchill. Buchen Sie jetzt Ihren Aufenthalt in unserem 4-Sterne-Hotel. Buchen Sie jetzt Ihren Aufenthalt in unserem 4-Sterne-Hotel.","og_url":"https:\/\/www.lechurchill.com\/de\/swimmingpool-und-whirlpool\/","og_site_name":"H\u00f4tel Le Churchill","article_modified_time":"2022-06-01T13:42:42+00:00","twitter_card":"summary_large_image","twitter_misc":{"Gesch\u00e4tzte Lesezeit":"1\u00a0Minute"},"schema":{"@context":"https:\/\/schema.org","@graph":[{"@type":"WebPage","@id":"https:\/\/www.lechurchill.com\/de\/swimmingpool-und-whirlpool\/","url":"https:\/\/www.lechurchill.com\/de\/swimmingpool-und-whirlpool\/","name":"Hotel mit beheiztem Pool, Spa, Hammam, Sauna in Carnac","isPartOf":{"@id":"https:\/\/www.lechurchill.com\/#website"},"datePublished":"2019-03-18T16:16:42+00:00","dateModified":"2022-06-01T13:42:42+00:00","description":"Hotel mit beheiztem Pool und Spa in Carnac. BESTPREIS GARANTIERT auf der offiziellen Website des Hotel Le Churchill. Buchen Sie jetzt Ihren Aufenthalt in unserem 4-Sterne-Hotel. Buchen Sie jetzt Ihren Aufenthalt in unserem 4-Sterne-Hotel.","breadcrumb":{"@id":"https:\/\/www.lechurchill.com\/de\/swimmingpool-und-whirlpool\/#breadcrumb"},"inLanguage":"de","potentialAction":[{"@type":"ReadAction","target":["https:\/\/www.lechurchill.com\/de\/swimmingpool-und-whirlpool\/"]}]},{"@type":"BreadcrumbList","@id":"https:\/\/www.lechurchill.com\/de\/swimmingpool-und-whirlpool\/#breadcrumb","itemListElement":[{"@type":"ListItem","position":1,"name":"Accueil","item":"https:\/\/www.lechurchill.com\/de\/"},{"@type":"ListItem","position":2,"name":"Swimmingpool und Whirlpool"}]},{"@type":"WebSite","@id":"https:\/\/www.lechurchill.com\/#website","url":"https:\/\/www.lechurchill.com\/","name":"H\u00f4tel Le Churchill","description":"Vue mer, face \u00e0 la grande plage de Carnac","potentialAction":[{"@type":"SearchAction","target":{"@type":"EntryPoint","urlTemplate":"https:\/\/www.lechurchill.com\/?s={search_term_string}"},"query-input":"required name=search_term_string"}],"inLanguage":"de"}]}},"_links":{"self":[{"href":"https:\/\/www.lechurchill.com\/de\/wp-json\/wp\/v2\/pages\/615"}],"collection":[{"href":"https:\/\/www.lechurchill.com\/de\/wp-json\/wp\/v2\/pages"}],"about":[{"href":"https:\/\/www.lechurchill.com\/de\/wp-json\/wp\/v2\/types\/page"}],"author":[{"embeddable":true,"href":"https:\/\/www.lechurchill.com\/de\/wp-json\/wp\/v2\/users\/1"}],"replies":[{"embeddable":true,"href":"https:\/\/www.lechurchill.com\/de\/wp-json\/wp\/v2\/comments?post=615"}],"version-history":[{"count":9,"href":"https:\/\/www.lechurchill.com\/de\/wp-json\/wp\/v2\/pages\/615\/revisions"}],"predecessor-version":[{"id":3626,"href":"https:\/\/www.lechurchill.com\/de\/wp-json\/wp\/v2\/pages\/615\/revisions\/3626"}],"wp:attachment":[{"href":"https:\/\/www.lechurchill.com\/de\/wp-json\/wp\/v2\/media?parent=615"}],"curies":[{"name":"wp","href":"https:\/\/api.w.org\/{rel}","templated":true}]}}