{"id":606,"date":"2019-02-27T17:49:18","date_gmt":"2019-02-27T16:49:18","guid":{"rendered":"https:\/\/www.lechurchill.com\/chambres-hotel-vue-mer-carnac\/"},"modified":"2022-06-01T15:07:05","modified_gmt":"2022-06-01T13:07:05","slug":"zimmer-hotel-meerblick-carnac","status":"publish","type":"page","link":"https:\/\/www.lechurchill.com\/de\/zimmer-hotel-meerblick-carnac\/","title":{"rendered":"Alle Zimmer"},"content":{"rendered":"<p>[vc_row full_width=&#8220;stretch_row&#8220; css=&#8220;.vc_custom_1654088820991{background-image: url(https:\/\/www.lechurchill.com\/wp-content\/uploads\/2022\/06\/chambre-2.jpg?id=3600) !important;}&#8220; el_class=&#8220;titre-list-chambres&#8220;][vc_column][vc_column_text]<\/p>\r\n<h1 style=\"text-align: center;\">Alle Zimmer<br \/><em>Meerblick, Erholung und frische Luft<\/em><\/h1>\r\n<p>[\/vc_column_text][vc_column_text]<\/p>\r\n<p style=\"text-align: center;\">Gegen\u00fcber vom Meer, direkt am Strand und im Rahmen des Churchill-Hotels entdeckt man fortan eine Oase, einen magischen Ort, der ausschlie\u00dflich Ihrer Erholung dient.<\/p>\r\n<p>[\/vc_column_text][\/vc_column][\/vc_row][vc_row full_width=&#8220;stretch_row&#8220; el_class=&#8220;bg-fleur&#8220;][vc_column][vc_column_text]<div id=\"room_list\"><div class=\"room_item\">\t<div class=\"image auto_center_image\">\t\t<img decoding=\"async\" src=\"https:\/\/www.lechurchill.com\/wp-content\/uploads\/2019\/03\/chambre-hotel-terrasse-vue-mer-carnac-768x512.jpg\" alt=\"Chambre d\u2019h\u00f4tel avec terrasse et vue sur mer \u00e0 l\u2019H\u00f4tel Le Churchill \u00e0 Carnac, pour un s\u00e9jour de d\u00e9tente en Morbihan.\" class=\"\">\t\t<a href=\"https:\/\/www.lechurchill.com\/de\/chambres\/klassisches-zimmer\/\" class=\"main_link\" rel=\"nofollow\" title=\"Zimmer Klassisches Zimmer\"><\/a>\t<div class=\"content\">\t\t<p class=\"title\">\t\t\t<span class=\"room_label\">Zimmer<\/span>\t\t\t<span class=\"room_name\"><a href=\"https:\/\/www.lechurchill.com\/de\/chambres\/klassisches-zimmer\/\" title=\"Zimmer Klassisches Zimmer\">Klassisches Zimmer<\/a><\/span>\t\t\t<span class=\"room_price\">Von 105\u20ac bis 199\u20ac<\/span>\t\t<\/p>\t\t<a href=\"https:\/\/www.lechurchill.com\/de\/chambres\/klassisches-zimmer\/\" class=\"det-chambre\" title=\"Zimmer Klassisches Zimmer\"><\/a>\t<\/div>\t<\/div><\/div><div class=\"room_item\">\t<div class=\"image auto_center_image\">\t\t<img decoding=\"async\" src=\"https:\/\/www.lechurchill.com\/wp-content\/uploads\/2019\/04\/chambre-hotel-personne-mobilite-reduite-pmr-768x512.jpg\" alt=\"\" class=\"\">\t\t<a href=\"https:\/\/www.lechurchill.com\/de\/chambres\/behindertengerechtes-zimmer\/\" class=\"main_link\" rel=\"nofollow\" title=\"Zimmer Behindertengerechtes Zimmer\"><\/a>\t<div class=\"content\">\t\t<p class=\"title\">\t\t\t<span class=\"room_label\">Zimmer<\/span>\t\t\t<span class=\"room_name\"><a href=\"https:\/\/www.lechurchill.com\/de\/chambres\/behindertengerechtes-zimmer\/\" title=\"Zimmer Behindertengerechtes Zimmer\">Behindertengerechtes Zimmer<\/a><\/span>\t\t\t<span class=\"room_price\">Von 145\u20ac bis 280\u20ac<\/span>\t\t<\/p>\t\t<a href=\"https:\/\/www.lechurchill.com\/de\/chambres\/behindertengerechtes-zimmer\/\" class=\"det-chambre\" title=\"Zimmer Behindertengerechtes Zimmer\"><\/a>\t<\/div>\t<\/div><\/div><div class=\"room_item\">\t<div class=\"image auto_center_image\">\t\t<img decoding=\"async\" src=\"https:\/\/www.lechurchill.com\/wp-content\/uploads\/2019\/03\/appart1-1-768x432.jpg\" alt=\"Appart-h\u00f4tel \u00e0 Carnac pour 4-6 personnes, avec vue sur mer \u00e0 l\u2019H\u00f4tel Le Churchill, id\u00e9al pour un s\u00e9jour en famille en Morbihan.\" class=\"\">\t\t<a href=\"https:\/\/www.lechurchill.com\/de\/chambres\/appartement-4-6-personen-carnac\/\" class=\"main_link\" rel=\"nofollow\" title=\"Zimmer Appartement f\u00fcr 4\/6 Personen\"><\/a>\t<div class=\"content\">\t\t<p class=\"title\">\t\t\t<span class=\"room_label\">Zimmer<\/span>\t\t\t<span class=\"room_name\"><a href=\"https:\/\/www.lechurchill.com\/de\/chambres\/appartement-4-6-personen-carnac\/\" title=\"Zimmer Appartement f\u00fcr 4\/6 Personen\">Appartement f\u00fcr 4\/6 Personen<\/a><\/span>\t\t\t<span class=\"room_price\">von 300\u20ac bis 455\u20ac<\/span>\t\t<\/p>\t\t<a href=\"https:\/\/www.lechurchill.com\/de\/chambres\/appartement-4-6-personen-carnac\/\" class=\"det-chambre\" title=\"Zimmer Appartement f\u00fcr 4\/6 Personen\"><\/a>\t<\/div>\t<\/div><\/div><div class=\"room_item\">\t<div class=\"image auto_center_image\">\t\t<img decoding=\"async\" src=\"https:\/\/www.lechurchill.com\/wp-content\/uploads\/2019\/03\/chambre-hotel-familiale-carnac-vue-mer-3-768x512.jpg\" alt=\"Chambre familiale \u00e0 l\u2019H\u00f4tel Le Churchill \u00e0 Carnac\" class=\"\">\t\t<a href=\"https:\/\/www.lechurchill.com\/de\/chambres\/familien-zimmer\/\" class=\"main_link\" rel=\"nofollow\" title=\"Zimmer Familien Zimmer\"><\/a>\t<div class=\"content\">\t\t<p class=\"title\">\t\t\t<span class=\"room_label\">Zimmer<\/span>\t\t\t<span class=\"room_name\"><a href=\"https:\/\/www.lechurchill.com\/de\/chambres\/familien-zimmer\/\" title=\"Zimmer Familien Zimmer\">Familien Zimmer<\/a><\/span>\t\t\t<span class=\"room_price\">Von 169\u20ac bis 284\u20ac<\/span>\t\t<\/p>\t\t<a href=\"https:\/\/www.lechurchill.com\/de\/chambres\/familien-zimmer\/\" class=\"det-chambre\" title=\"Zimmer Familien Zimmer\"><\/a>\t<\/div>\t<\/div><\/div><div class=\"room_item\">\t<div class=\"image auto_center_image\">\t\t<img decoding=\"async\" src=\"https:\/\/www.lechurchill.com\/wp-content\/uploads\/2019\/03\/chambre-hotel-luxe-carnac-vue-mer-accessible-pmr-768x512.jpg\" alt=\"Chambre luxe accessible PMR \u00e0 l\u2019H\u00f4tel Le Churchill \u00e0 Carnac, avec vue sur mer et \u00e9quipements adapt\u00e9s pour un confort optimal en Morbiha\" class=\"\">\t\t<a href=\"https:\/\/www.lechurchill.com\/de\/chambres\/hotel-luxus-carnac\/\" class=\"main_link\" rel=\"nofollow\" title=\"Zimmer Prestige Zimmer\"><\/a>\t<div class=\"content\">\t\t<p class=\"title\">\t\t\t<span class=\"room_label\">Zimmer<\/span>\t\t\t<span class=\"room_name\"><a href=\"https:\/\/www.lechurchill.com\/de\/chambres\/hotel-luxus-carnac\/\" title=\"Zimmer Prestige Zimmer\">Prestige Zimmer<\/a><\/span>\t\t\t<span class=\"room_price\">Von 159\u20ac bis 280\u20ac<\/span>\t\t<\/p>\t\t<a href=\"https:\/\/www.lechurchill.com\/de\/chambres\/hotel-luxus-carnac\/\" class=\"det-chambre\" title=\"Zimmer Prestige Zimmer\"><\/a>\t<\/div>\t<\/div><\/div><div class=\"room_item\">\t<div class=\"image auto_center_image\">\t\t<img decoding=\"async\" src=\"https:\/\/www.lechurchill.com\/wp-content\/uploads\/2019\/03\/chambre-hotel-tv-grand-ecran-carnac-vue-mer-768x512.jpg\" alt=\"Chambre d\u2019h\u00f4tel avec t\u00e9l\u00e9vision grand \u00e9cran et vue sur mer \u00e0 l\u2019H\u00f4tel Le Churchill \u00e0 Carnac, pour un confort optimal en Morbihan.\" class=\"\">\t\t<a href=\"https:\/\/www.lechurchill.com\/de\/chambres\/privilege-zimmer\/\" class=\"main_link\" rel=\"nofollow\" title=\"Zimmer Privilege Zimmer\"><\/a>\t<div class=\"content\">\t\t<p class=\"title\">\t\t\t<span class=\"room_label\">Zimmer<\/span>\t\t\t<span class=\"room_name\"><a href=\"https:\/\/www.lechurchill.com\/de\/chambres\/privilege-zimmer\/\" title=\"Zimmer Privilege Zimmer\">Privilege Zimmer<\/a><\/span>\t\t\t<span class=\"room_price\">Von 129\u20ac bis 224\u20ac<\/span>\t\t<\/p>\t\t<a href=\"https:\/\/www.lechurchill.com\/de\/chambres\/privilege-zimmer\/\" class=\"det-chambre\" title=\"Zimmer Privilege Zimmer\"><\/a>\t<\/div>\t<\/div><\/div><\/div>\r\n<p>[\/vc_column_text][\/vc_column][\/vc_row]<\/p>","protected":false},"excerpt":{"rendered":"<p>[vc_row full_width=&#8220;stretch_row&#8220; css=&#8220;.vc_custom_1654088820991{background-image: url(https:\/\/www.lechurchill.com\/wp-content\/uploads\/2022\/06\/chambre-2.jpg?id=3600) !important;}&#8220; el_class=&#8220;titre-list-chambres&#8220;][vc_column][vc_column_text] Alle ZimmerMeerblick, Erholung und frische Luft [\/vc_column_text][vc_column_text] Gegen\u00fcber vom Meer, direkt am Strand und im Rahmen des Churchill-Hotels entdeckt man<span class=\"excerpt-hellip\"> [\u2026]<\/span><\/p>\n","protected":false},"author":1,"featured_media":0,"parent":0,"menu_order":0,"comment_status":"closed","ping_status":"closed","template":"","meta":{"_acf_changed":false,"_mi_skip_tracking":false,"footnotes":""},"acf":[],"yoast_head":"<!-- This site is optimized with the Yoast SEO plugin v19.8 - https:\/\/yoast.com\/wordpress\/plugins\/seo\/ -->\n<title>Hotelzimmer mit Meerblick in Carnac, Morbihan (56)<\/title>\n<meta name=\"description\" content=\"Entdecken Sie alle Zimmer im Le Churchill Hotel in Carnac. Buchen Sie jetzt Ihren Aufenthalt in unserem Hotel am gro\u00dfen Strand von Carnac.\" \/>\n<meta name=\"robots\" content=\"index, follow, max-snippet:-1, max-image-preview:large, max-video-preview:-1\" \/>\n<link rel=\"canonical\" href=\"https:\/\/www.lechurchill.com\/de\/zimmer-hotel-meerblick-carnac\/\" \/>\n<meta property=\"og:locale\" content=\"de_DE\" \/>\n<meta property=\"og:type\" content=\"article\" \/>\n<meta property=\"og:title\" content=\"Hotelzimmer mit Meerblick in Carnac, Morbihan (56)\" \/>\n<meta property=\"og:description\" content=\"Entdecken Sie alle Zimmer im Le Churchill Hotel in Carnac. Buchen Sie jetzt Ihren Aufenthalt in unserem Hotel am gro\u00dfen Strand von Carnac.\" \/>\n<meta property=\"og:url\" content=\"https:\/\/www.lechurchill.com\/de\/zimmer-hotel-meerblick-carnac\/\" \/>\n<meta property=\"og:site_name\" content=\"H\u00f4tel Le Churchill\" \/>\n<meta property=\"article:modified_time\" content=\"2022-06-01T13:07:05+00:00\" \/>\n<meta name=\"twitter:card\" content=\"summary_large_image\" \/>\n<meta name=\"twitter:label1\" content=\"Gesch\u00e4tzte Lesezeit\" \/>\n\t<meta name=\"twitter:data1\" content=\"1\u00a0Minute\" \/>\n<script type=\"application\/ld+json\" class=\"yoast-schema-graph\">{\"@context\":\"https:\/\/schema.org\",\"@graph\":[{\"@type\":\"WebPage\",\"@id\":\"https:\/\/www.lechurchill.com\/de\/zimmer-hotel-meerblick-carnac\/\",\"url\":\"https:\/\/www.lechurchill.com\/de\/zimmer-hotel-meerblick-carnac\/\",\"name\":\"Hotelzimmer mit Meerblick in Carnac, Morbihan (56)\",\"isPartOf\":{\"@id\":\"https:\/\/www.lechurchill.com\/#website\"},\"datePublished\":\"2019-02-27T16:49:18+00:00\",\"dateModified\":\"2022-06-01T13:07:05+00:00\",\"description\":\"Entdecken Sie alle Zimmer im Le Churchill Hotel in Carnac. Buchen Sie jetzt Ihren Aufenthalt in unserem Hotel am gro\u00dfen Strand von Carnac.\",\"breadcrumb\":{\"@id\":\"https:\/\/www.lechurchill.com\/de\/zimmer-hotel-meerblick-carnac\/#breadcrumb\"},\"inLanguage\":\"de\",\"potentialAction\":[{\"@type\":\"ReadAction\",\"target\":[\"https:\/\/www.lechurchill.com\/de\/zimmer-hotel-meerblick-carnac\/\"]}]},{\"@type\":\"BreadcrumbList\",\"@id\":\"https:\/\/www.lechurchill.com\/de\/zimmer-hotel-meerblick-carnac\/#breadcrumb\",\"itemListElement\":[{\"@type\":\"ListItem\",\"position\":1,\"name\":\"Accueil\",\"item\":\"https:\/\/www.lechurchill.com\/de\/\"},{\"@type\":\"ListItem\",\"position\":2,\"name\":\"Alle Zimmer\"}]},{\"@type\":\"WebSite\",\"@id\":\"https:\/\/www.lechurchill.com\/#website\",\"url\":\"https:\/\/www.lechurchill.com\/\",\"name\":\"H\u00f4tel Le Churchill\",\"description\":\"Vue mer, face \u00e0 la grande plage de Carnac\",\"potentialAction\":[{\"@type\":\"SearchAction\",\"target\":{\"@type\":\"EntryPoint\",\"urlTemplate\":\"https:\/\/www.lechurchill.com\/?s={search_term_string}\"},\"query-input\":\"required name=search_term_string\"}],\"inLanguage\":\"de\"}]}<\/script>\n<!-- \/ Yoast SEO plugin. -->","yoast_head_json":{"title":"Hotelzimmer mit Meerblick in Carnac, Morbihan (56)","description":"Entdecken Sie alle Zimmer im Le Churchill Hotel in Carnac. Buchen Sie jetzt Ihren Aufenthalt in unserem Hotel am gro\u00dfen Strand von Carnac.","robots":{"index":"index","follow":"follow","max-snippet":"max-snippet:-1","max-image-preview":"max-image-preview:large","max-video-preview":"max-video-preview:-1"},"canonical":"https:\/\/www.lechurchill.com\/de\/zimmer-hotel-meerblick-carnac\/","og_locale":"de_DE","og_type":"article","og_title":"Hotelzimmer mit Meerblick in Carnac, Morbihan (56)","og_description":"Entdecken Sie alle Zimmer im Le Churchill Hotel in Carnac. Buchen Sie jetzt Ihren Aufenthalt in unserem Hotel am gro\u00dfen Strand von Carnac.","og_url":"https:\/\/www.lechurchill.com\/de\/zimmer-hotel-meerblick-carnac\/","og_site_name":"H\u00f4tel Le Churchill","article_modified_time":"2022-06-01T13:07:05+00:00","twitter_card":"summary_large_image","twitter_misc":{"Gesch\u00e4tzte Lesezeit":"1\u00a0Minute"},"schema":{"@context":"https:\/\/schema.org","@graph":[{"@type":"WebPage","@id":"https:\/\/www.lechurchill.com\/de\/zimmer-hotel-meerblick-carnac\/","url":"https:\/\/www.lechurchill.com\/de\/zimmer-hotel-meerblick-carnac\/","name":"Hotelzimmer mit Meerblick in Carnac, Morbihan (56)","isPartOf":{"@id":"https:\/\/www.lechurchill.com\/#website"},"datePublished":"2019-02-27T16:49:18+00:00","dateModified":"2022-06-01T13:07:05+00:00","description":"Entdecken Sie alle Zimmer im Le Churchill Hotel in Carnac. Buchen Sie jetzt Ihren Aufenthalt in unserem Hotel am gro\u00dfen Strand von Carnac.","breadcrumb":{"@id":"https:\/\/www.lechurchill.com\/de\/zimmer-hotel-meerblick-carnac\/#breadcrumb"},"inLanguage":"de","potentialAction":[{"@type":"ReadAction","target":["https:\/\/www.lechurchill.com\/de\/zimmer-hotel-meerblick-carnac\/"]}]},{"@type":"BreadcrumbList","@id":"https:\/\/www.lechurchill.com\/de\/zimmer-hotel-meerblick-carnac\/#breadcrumb","itemListElement":[{"@type":"ListItem","position":1,"name":"Accueil","item":"https:\/\/www.lechurchill.com\/de\/"},{"@type":"ListItem","position":2,"name":"Alle Zimmer"}]},{"@type":"WebSite","@id":"https:\/\/www.lechurchill.com\/#website","url":"https:\/\/www.lechurchill.com\/","name":"H\u00f4tel Le Churchill","description":"Vue mer, face \u00e0 la grande plage de Carnac","potentialAction":[{"@type":"SearchAction","target":{"@type":"EntryPoint","urlTemplate":"https:\/\/www.lechurchill.com\/?s={search_term_string}"},"query-input":"required name=search_term_string"}],"inLanguage":"de"}]}},"_links":{"self":[{"href":"https:\/\/www.lechurchill.com\/de\/wp-json\/wp\/v2\/pages\/606"}],"collection":[{"href":"https:\/\/www.lechurchill.com\/de\/wp-json\/wp\/v2\/pages"}],"about":[{"href":"https:\/\/www.lechurchill.com\/de\/wp-json\/wp\/v2\/types\/page"}],"author":[{"embeddable":true,"href":"https:\/\/www.lechurchill.com\/de\/wp-json\/wp\/v2\/users\/1"}],"replies":[{"embeddable":true,"href":"https:\/\/www.lechurchill.com\/de\/wp-json\/wp\/v2\/comments?post=606"}],"version-history":[{"count":4,"href":"https:\/\/www.lechurchill.com\/de\/wp-json\/wp\/v2\/pages\/606\/revisions"}],"predecessor-version":[{"id":3603,"href":"https:\/\/www.lechurchill.com\/de\/wp-json\/wp\/v2\/pages\/606\/revisions\/3603"}],"wp:attachment":[{"href":"https:\/\/www.lechurchill.com\/de\/wp-json\/wp\/v2\/media?parent=606"}],"curies":[{"name":"wp","href":"https:\/\/api.w.org\/{rel}","templated":true}]}}